{"id":12055,"date":"2022-12-08T17:15:37","date_gmt":"2022-12-08T17:15:37","guid":{"rendered":"https:\/\/mastercook.md\/?page_id=12055"},"modified":"2026-01-28T16:42:58","modified_gmt":"2026-01-28T16:42:58","slug":"privacy-policy","status":"publish","type":"page","link":"https:\/\/mastercook.md\/ro\/privacy-policy\/","title":{"rendered":"Privacy-policy"},"content":{"rendered":"<h1>Politica de Confiden\u021bialitate a datelor personale ale utilizatorului<\/h1>\n<p>Aceast\u0103 Politic\u0103 de Confiden\u021bialitate a datelor cu caracter personal se aplic\u0103 tuturor informa\u021biilor furnizate de magazinul online Mastercard, aflat pe numele domeniului Mastercook.md , poate ob\u021bine informa\u021bii despre utilizator \u00een timp ce utilizeaz\u0103 site-ul magazinului online.<\/p>\n<p><strong>1. Dispozi\u021bii generale<\/strong><\/p>\n<p>1.1. Utilizarea site-ului Magazinului online Mastercook.md utilizatorul \u00ee\u0219i recunoa\u0219te acordul deplin cu prevederile Politicii de confiden\u021bialitate \u0219i cu condi\u021biile de prelucrare a datelor cu caracter personal.<\/p>\n<p>1.2. Dac\u0103 utilizatorul nu este de acord cu to\u021bi sau cu unii dintre termenii stabili\u021bi \u00een Politica de confiden\u021bialitate, trebuie s\u0103 \u00eenceteze utilizarea serviciilor magazinului online.<\/p>\n<p>1.3. Administra\u021bia nu verific\u0103 exactitatea datelor cu caracter personal furnizate de utilizator.<\/p>\n<p><strong>2. Subiectul Politicii de Confiden\u021bialitate<\/strong><\/p>\n<p>2.1. Aceast\u0103 Politic\u0103 de confiden\u021bialitate stabile\u0219te obliga\u021biile magazinului online Masterbook pentru nedivulgare \u0219i asigurarea confiden\u021bialit\u0103\u021bii datelor cu caracter personal pe care utilizatorul le furnizeaz\u0103 la \u00eenregistrarea pe site-ul magazinului online sau la plasarea unei comenzi pentru achizi\u021bionarea de bunuri.<\/p>\n<p>2.2. Datele cu caracter personal care pot fi prelucrate \u00een conformitate cu aceast\u0103 Politic\u0103 de confiden\u021bialitate sunt furnizate de utilizator prin completarea formularului de \u00eenregistrare de pe site Mastercook.md \u00een sec\u021biunea despre \u00eenregistrare sau la plasarea unei comenzi \u0219i include\u021bi urm\u0103toarele informa\u021bii:<\/p>\n<p>2.2.1. Nume Prenume;<\/p>\n<p>2.2.2. Data na\u0219terii;<\/p>\n<p>2.2.3. Num\u0103rul de telefon de Contact;<\/p>\n<p>2.2.4. Adresa de e-mail (e-mail);<\/p>\n<p>2.2.5. Adresa de livrare a produsului;<\/p>\n<p>2.2.6. Alte informa\u021bii necesare pentru a furniza servicii sau pentru a vinde bunuri utilizatorilor.<\/p>\n<p>2.3. Magazinul online protejeaz\u0103 datele care sunt transmise automat \u00een timpul vizualiz\u0103rii blocurilor de anun\u021buri \u0219i la vizitarea paginilor pe care este instalat scriptul statistic al sistemului (pixel: 2.4. Dezactivarea cookie-urilor poate duce la incapacitatea de a accesa p\u0103r\u021bi ale site-ului Magazinului Online care necesit\u0103 autorizare.<\/p>\n<p>2.5. Orice informa\u021bii personale care nu sunt men\u021bionate mai sus (istoricul achizi\u021biilor, browserele \u0219i sistemele de operare utilizate etc.) sunt supuse stoc\u0103rii sigure \u0219i neprolifer\u0103rii, cu excep\u021bia celor prev\u0103zute \u00een clauza<\/p>\n<p><strong>3. Scopul colect\u0103rii informa\u021biilor personale ale utilizatorului<\/strong><\/p>\n<p>3.1. Datele personale ale utilizatorului magazinului online Masterbook pot fi utilizate \u00een scopul:<\/p>\n<p>3.1.1. Identificarea utilizatorului \u00eenregistrat pe site-ul magazinului Online pentru plasarea unei comenzi.<\/p>\n<p>3.1.2. Asigurarea accesului utilizatorului la resursele personalizate ale site-ului Magazinului online.<\/p>\n<p>3.1.3. Stabilirea feedback-ului cu utilizatorul, inclusiv trimiterea de notific\u0103ri, solicit\u0103ri privind utilizarea site-ului Magazinului online, furnizarea de servicii, procesarea cererilor \u0219i solicit\u0103rilor din partea utilizatorului.<\/p>\n<p>3.1.4. Determinarea loca\u021biei utilizatorului pentru a asigura securitatea \u0219i a preveni frauda.<\/p>\n<p>3.1.5. Confirmarea exactit\u0103\u021bii \u0219i completitudinii datelor personale furnizate de utilizator.<\/p>\n<p>3.2.1. Notific\u0103ri c\u0103tre utilizatorul site-ului Magazinului online despre starea comenzii;<\/p>\n<p>3.2.2. Furnizarea Utilizatorului cu acordul s\u0103u, actualiz\u0103ri de produse, oferte speciale, informa\u021bii despre pre\u021buri, Buletine informative \u0219i alte informa\u021bii din magazinul online Masterbook.<\/p>\n<p><strong>4.\u00a0Metode \u0219i termeni de prelucrare a informa\u021biilor personale<\/strong><\/p>\n<p>4.1. Prelucrarea datelor cu caracter personal ale utilizatorului se efectueaz\u0103 f\u0103r\u0103 limit\u0103 de timp, \u00een orice mod legal.<\/p>\n<p>4.2. Utilizatorul este de acord c\u0103 magazinul online Masterbook are dreptul de a transfera date cu caracter personal c\u0103tre ter\u021bi, \u00een special servicii de curierat, exclusiv \u00een scopul \u00eendeplinirii \u0219i livr\u0103rii comenzii utilizatorului plasate pe site Mastercook.md<\/p>\n<p>4.3. Datele personale ale utilizatorului pot fi transferate autorit\u0103\u021bilor de stat autorizate ale Republicii Moldova numai pe baza \u0219i \u00een conformitate cu procedura stabilit\u0103 de legisla\u021bia Republicii Moldova.<\/p>\n<p>4.4. Magazinul online Masterbook ia m\u0103surile organizatorice \u0219i tehnice necesare pentru a proteja informa\u021biile personale ale utilizatorului de accesul neautorizat sau accidental, distrugerea, modificarea, blocarea, copierea, distribuirea, precum \u0219i de alte ac\u021biuni ilegale ale ter\u021bilor.<\/p>\n<p><strong>5. Obliga\u021biile p\u0103r\u021bilor<\/strong><\/p>\n<p>5.1. Utilizatorul este de acord c\u0103 este obligat s\u0103:<\/p>\n<p>5.1.1. Furniza\u021bi informa\u021bii fiabile despre datele dvs. personale, care pot fi utile pentru furnizarea serviciilor magazinului online;<\/p>\n<p>5.1.2. Actualizarea \u0219i completarea informa\u021biilor furnizate cu privire la datele cu caracter personal \u00een cazul modific\u0103rii acestor informa\u021bii.<\/p>\n<p>5.2. Administrarea magazinului online Mastercook se angajeaz\u0103:<\/p>\n<p>5.2.1. Lua\u021bi toate m\u0103surile posibile pentru a asigura \u0219i p\u0103stra confiden\u021bialitatea informa\u021biilor personale (datelor) furnizate de utilizator;<\/p>\n<p>5.2.2. \u0218terge\u021bi datele personale ale utilizatorului imediat dup\u0103 primirea cererii sau a cererii de \u0219tergere de la acesta prin e-mail: admin@mastercook.md<\/p>\n<p><strong>6. Responsabilitatea p\u0103r\u021bilor<\/strong><\/p>\n<p>6.1. Administrarea magazinului online Masterbook este responsabil\u0103 pentru divulgarea deliberat\u0103 a datelor personale ale utilizatorului Site-ului \u00een conformitate cu legisla\u021bia \u00een vigoare a Republicii Moldova.<\/p>\n<p>6.2. \u00cen cazul pierderii sau divulg\u0103rii datelor confiden\u021biale ale utilizatorilor, magazinul online Masterbook nu este responsabil dac\u0103 aceste date:<\/p>\n<p>6.2.1. A devenit disponibil public mai devreme;<\/p>\n<p>6.2.2. Primite de la ter\u021bi \u00eenainte de a fi primite de reprezentan\u021bii magazinului online Masterbook;<\/p>\n<p>6.2.3. Au fost dezv\u0103luite cu Acordul utilizatorului;<\/p>\n<p>6.2.4. Acestea au fost ob\u021binute de ter\u021bi prin acces neautorizat la fi\u0219ierele Site-ului.<\/p>\n<p><strong>7. Dispozi\u021bii suplimentare<\/strong><\/p>\n<p>7.1. Magazinul online Masterbook \u00ee\u0219i rezerv\u0103 dreptul de a aduce modific\u0103ri prevederilor acestei Politici de confiden\u021bialitate f\u0103r\u0103 a ob\u021bine consim\u021b\u0103m\u00e2ntul utilizatorului.<\/p>\n<p>7.2. Noua Politic\u0103 de confiden\u021bialitate intr\u0103 \u00een vigoare numai din momentul \u00een care este postat\u0103 pe site Mastercook.md<\/p>\n","protected":false},"excerpt":{"rendered":"<p>Politica de Confiden\u021bialitate a datelor personale ale utilizatorului Aceast\u0103 Politic\u0103 de Confiden\u021bialitate a datelor cu caracter personal se aplic\u0103 tuturor<\/p>\n","protected":false},"author":1,"featured_media":0,"parent":0,"menu_order":0,"comment_status":"closed","ping_status":"closed","template":"","meta":{"footnotes":""},"class_list":["post-12055","page","type-page","status-publish","hentry"],"_links":{"self":[{"href":"https:\/\/mastercook.md\/ro\/wp-json\/wp\/v2\/pages\/12055","targetHints":{"allow":["GET"]}}],"collection":[{"href":"https:\/\/mastercook.md\/ro\/wp-json\/wp\/v2\/pages"}],"about":[{"href":"https:\/\/mastercook.md\/ro\/wp-json\/wp\/v2\/types\/page"}],"author":[{"embeddable":true,"href":"https:\/\/mastercook.md\/ro\/wp-json\/wp\/v2\/users\/1"}],"replies":[{"embeddable":true,"href":"https:\/\/mastercook.md\/ro\/wp-json\/wp\/v2\/comments?post=12055"}],"version-history":[{"count":2,"href":"https:\/\/mastercook.md\/ro\/wp-json\/wp\/v2\/pages\/12055\/revisions"}],"predecessor-version":[{"id":12057,"href":"https:\/\/mastercook.md\/ro\/wp-json\/wp\/v2\/pages\/12055\/revisions\/12057"}],"wp:attachment":[{"href":"https:\/\/mastercook.md\/ro\/wp-json\/wp\/v2\/media?parent=12055"}],"curies":[{"name":"wp","href":"https:\/\/api.w.org\/{rel}","templated":true}]}}