{"id":11314,"date":"2023-01-06T18:52:51","date_gmt":"2023-01-06T18:52:51","guid":{"rendered":"https:\/\/mastercook.md\/?post_type=product&#038;p=11314"},"modified":"2026-01-13T15:20:48","modified_gmt":"2026-01-13T15:20:48","slug":"ru%d0%b2%d0%b0%d1%80%d0%be%d1%87%d0%bd%d0%b0%d1%8f-%d0%bf%d0%b0%d0%bd%d0%b5%d0%bb%d1%8c-mc-e-4215-g-bl-glassromc-e-4215-g-bl-glass","status":"publish","type":"product","link":"https:\/\/mastercook.md\/ro\/produs\/ru%d0%b2%d0%b0%d1%80%d0%be%d1%87%d0%bd%d0%b0%d1%8f-%d0%bf%d0%b0%d0%bd%d0%b5%d0%bb%d1%8c-mc-e-4215-g-bl-glassromc-e-4215-g-bl-glass\/","title":{"rendered":"Suprafa\u021b\u0103 de gaz de g\u0103tit MASTERCOOK MC-4215 G GLASS, culoare Negru"},"content":{"rendered":"<h2>Suprafa\u021b\u0103 de gaz de g\u0103tit MASTERCOOK MC-4215 G GLASS<\/h2>\n<p>\u0103Aragazul \u00eencorporat MASTERCOOK MC-e 4215 G GLASS este un stil modern, fiabilitate ridicat\u0103 \u0219i cel mai accesibil pre\u021b. Acest model este realizat \u00eentr-un design modern, deci va completa cu siguran\u021b\u0103 orice interior de buc\u0103t\u0103rie \u00eentr-un stil modern. \u00cen general, aparatele de buc\u0103t\u0103rie din sticl\u0103 sunt unul dintre hiturile din ultimii ani.<br \/>\nCump\u0103ra\u021bi o suprafa\u021b\u0103 de g\u0103tit \u00eencorporat\u0103 MASTERCOOK MC-e 4215 G GLASS este o alegere excelent\u0103 dac\u0103 sunte\u021bi un iubitor de aparate de uz casnic frumoase \u0219i fiabile! La dezvoltarea sobei \u00eencorporate cu gaz de sticl\u0103 MC-E 4215 G GLASS, am avut grij\u0103 de confortul maxim al utiliz\u0103rii sale \u0219i de siguran\u021ba maxim\u0103.<\/p>\n<h3>O scurt\u0103 prezentare general\u0103 a avantajelor suprafe\u021bei de gaz \u00eencorporate MASTERCOOK MC-E 4215 G GLASS:<\/h3>\n<ul>\n<li>Sticl\u0103 c\u0103lit\u0103 cu o grosime de 8 mm ;<\/li>\n<li>Controlul gazului &#8211; \u00een caz de stingere a fl\u0103c\u0103rii, alimentarea cu gaz este oprit\u0103 automat;<\/li>\n<li>Electro aprindere;<\/li>\n<li>Grile din font\u0103 ;<\/li>\n<li>Arz\u0103tor WOK-utilizat pentru \u00eenc\u0103lzirea rapid\u0103 \u0219i g\u0103titul vaselor \u00een vasele WOK;<\/li>\n<li>Arz\u0103toare economice \u0219i eficiente;<\/li>\n<li>Garan\u021bia este de 2 ani.<\/li>\n<li>Plita \u00eencorporat\u0103 din sticl\u0103 MASTERCOOK MC-E 4215 G GLASS este echipat\u0103 cu elemente de fixare.<\/li>\n<\/ul>\n<p>Pute\u021bi cump\u0103ra o suprafa\u021b\u0103 de g\u0103tit \u00eencorporat\u0103 MASTERCOOK MC-E 4215 G GLA \u00een magazinul nostru sau de la partenerii no\u0219tri. Principiul nostru principal este calitatea \u00eenalt\u0103 la un pre\u021b accesibil, precum \u0219i confortul maxim de cump\u0103r\u0103turi pentru clien\u021bii no\u0219tri.<\/p>\n<h4>A\u021bi putea fi interesat de alte produse din Masterbook.<\/h4>\n<p>\u00cen magazinul nostru online <em>www.mastercook.md<\/em> pute\u021bi achizi\u021biona bunuri cu livrare la domiciliu, \u00een rate timp de 6 luni sau pe credit timp de p\u00e2n\u0103 la 36 de luni. Avem mae\u0219tri care vor ajuta la montarea \u0219i conectarea eficient\u0103 a produsului achizi\u021bionat.<\/p>\n<ul>\n<li><em><span style=\"color: #3366ff;\"><a style=\"color: #3366ff;\" href=\"https:\/\/mastercook.md\/product-category\/ovens\/\">Cuptoare electrice \u00eencorporate;<\/a><\/span><\/em><\/li>\n<li><em><span style=\"color: #3366ff;\"><a style=\"color: #3366ff;\" href=\"https:\/\/mastercook.md\/product-category\/hoods\/\">Hote de buc\u0103t\u0103rie de diferite tipuri \u0219i modele;<\/a><\/span><\/em><\/li>\n<li><em><span style=\"color: #3366ff;\"><a style=\"color: #3366ff;\" href=\"https:\/\/mastercook.md\/product-category\/accessories-2\/\">Accesorii;<\/a><\/span><\/em><\/li>\n<\/ul>\n<p>&nbsp;<\/p>\n","protected":false},"excerpt":{"rendered":"<p>Suprafa\u021b\u0103 de gaz de g\u0103tit MASTERCOOK MC-4215 G GLASS \u0103Aragazul \u00eencorporat MASTERCOOK MC-e 4215 G GLASS este un stil modern,<\/p>\n","protected":false},"featured_media":9786,"comment_status":"open","ping_status":"closed","template":"","meta":[],"product_brand":[339],"product_cat":[662,661],"product_tag":[],"class_list":{"0":"post-11314","1":"product","2":"type-product","3":"status-publish","4":"has-post-thumbnail","6":"product_brand-mastercook","7":"product_cat-gaz","8":"product_cat-plite-incorporabila","10":"first","11":"instock","12":"shipping-taxable","13":"purchasable","14":"product-type-variable"},"_links":{"self":[{"href":"https:\/\/mastercook.md\/ro\/wp-json\/wp\/v2\/product\/11314","targetHints":{"allow":["GET"]}}],"collection":[{"href":"https:\/\/mastercook.md\/ro\/wp-json\/wp\/v2\/product"}],"about":[{"href":"https:\/\/mastercook.md\/ro\/wp-json\/wp\/v2\/types\/product"}],"replies":[{"embeddable":true,"href":"https:\/\/mastercook.md\/ro\/wp-json\/wp\/v2\/comments?post=11314"}],"wp:featuredmedia":[{"embeddable":true,"href":"https:\/\/mastercook.md\/ro\/wp-json\/wp\/v2\/media\/9786"}],"wp:attachment":[{"href":"https:\/\/mastercook.md\/ro\/wp-json\/wp\/v2\/media?parent=11314"}],"wp:term":[{"taxonomy":"product_brand","embeddable":true,"href":"https:\/\/mastercook.md\/ro\/wp-json\/wp\/v2\/product_brand?post=11314"},{"taxonomy":"product_cat","embeddable":true,"href":"https:\/\/mastercook.md\/ro\/wp-json\/wp\/v2\/product_cat?post=11314"},{"taxonomy":"product_tag","embeddable":true,"href":"https:\/\/mastercook.md\/ro\/wp-json\/wp\/v2\/product_tag?post=11314"}],"curies":[{"name":"wp","href":"https:\/\/api.w.org\/{rel}","templated":true}]}}