{"id":11323,"date":"2023-01-27T08:13:30","date_gmt":"2023-01-27T08:13:30","guid":{"rendered":"https:\/\/mastercook.md\/?post_type=product&#038;p=11323"},"modified":"2026-01-13T15:38:13","modified_gmt":"2026-01-13T15:38:13","slug":"hota-decorative-mastercook-tivano-70060-sensor-led","status":"publish","type":"product","link":"https:\/\/mastercook.md\/ro\/produs\/hota-decorative-mastercook-tivano-70060-sensor-led\/","title":{"rendered":"Hota decorative Mastercook TIVANO 700(60) SENSOR LED"},"content":{"rendered":"<h2>Hota decorative Mastercoo TIVANO 700(60) SENSOR LED<\/h2>\n<p>cu o l\u0103\u021bime a corpului de 60 cm \u0219i o capacitate a turbinei de 700 m3\/or\u0103. Acest model nu va fi doar un asistent practic \u00een buc\u0103t\u0103rie cu o suprafa\u021b\u0103 de p\u00e2n\u0103 la 20 mp., dar completeaz\u0103 perfect orice interior modern.<\/p>\n<h3><strong>Alte caracteristici ale modelului:<\/strong><\/h3>\n<p>Ca \u0219i alte incorporabile de la Mastercook, Modelul TIVANO 700(60) SENSOR LED are un set simplu \u0219i standard de caracteristici:<\/p>\n<ul>\n<li>Model \u00eenclinat cu fa\u021bad\u0103 din sticl\u0103 c\u0103lit\u0103, potrivit pentru orice interior modern;<\/li>\n<li>Operare tactil;<\/li>\n<li>Temporizator de \u00eent\u00e2rziere de oprire \u00eencorporat timp de 5 minute;<\/li>\n<li>Inima hotei este o turbin\u0103 puternic\u0103, eficient\u0103 \u0219i economic\u0103, cu dou\u0103 rotoare axiale;<\/li>\n<li>3 viteze de rota\u021bie a turbinei;<\/li>\n<li>Posibilitatea de a alege un mod adecvat de purificare a aerului \u2013 ie\u0219ire \u00een afara buc\u0103t\u0103riei sau recirculare (cur\u0103\u021bare cu filtre de carbon \u00eenlocuibile);<\/li>\n<li>Iluminare LED modern\u0103 \u2013 2 l\u0103mpi luminoase \u0219i economice de 1,5 Wt fiecare;<\/li>\n<li>Modelul folose\u0219te un filtru de captare a gr\u0103similor din aluminiu cu cinci straturi;<\/li>\n<li>\u021aara de origine-Ucraina;<\/li>\n<li>Garan\u021bia este de 2 ani.<\/li>\n<\/ul>\n<p>Hotele TIVANO 700(60) SENSOR LED sunt echipate cu o supap\u0103 de re\u021binere, un filtru de gr\u0103sime din aluminiu, elemente de fixare, o supap\u0103 de re\u021binere.<\/p>\n","protected":false},"excerpt":{"rendered":"<p>Hota decorative Mastercoo TIVANO 700(60) SENSOR LED cu o l\u0103\u021bime a corpului de 60 cm \u0219i o capacitate a turbinei<\/p>\n","protected":false},"featured_media":10489,"comment_status":"open","ping_status":"closed","template":"","meta":[],"product_brand":[339],"product_cat":[664,666],"product_tag":[],"class_list":{"0":"post-11323","1":"product","2":"type-product","3":"status-publish","4":"has-post-thumbnail","6":"product_brand-mastercook","7":"product_cat-hote-de-bucatarie","8":"product_cat-hote-decorative","10":"first","11":"instock","12":"shipping-taxable","13":"purchasable","14":"product-type-variable"},"_links":{"self":[{"href":"https:\/\/mastercook.md\/ro\/wp-json\/wp\/v2\/product\/11323","targetHints":{"allow":["GET"]}}],"collection":[{"href":"https:\/\/mastercook.md\/ro\/wp-json\/wp\/v2\/product"}],"about":[{"href":"https:\/\/mastercook.md\/ro\/wp-json\/wp\/v2\/types\/product"}],"replies":[{"embeddable":true,"href":"https:\/\/mastercook.md\/ro\/wp-json\/wp\/v2\/comments?post=11323"}],"wp:featuredmedia":[{"embeddable":true,"href":"https:\/\/mastercook.md\/ro\/wp-json\/wp\/v2\/media\/10489"}],"wp:attachment":[{"href":"https:\/\/mastercook.md\/ro\/wp-json\/wp\/v2\/media?parent=11323"}],"wp:term":[{"taxonomy":"product_brand","embeddable":true,"href":"https:\/\/mastercook.md\/ro\/wp-json\/wp\/v2\/product_brand?post=11323"},{"taxonomy":"product_cat","embeddable":true,"href":"https:\/\/mastercook.md\/ro\/wp-json\/wp\/v2\/product_cat?post=11323"},{"taxonomy":"product_tag","embeddable":true,"href":"https:\/\/mastercook.md\/ro\/wp-json\/wp\/v2\/product_tag?post=11323"}],"curies":[{"name":"wp","href":"https:\/\/api.w.org\/{rel}","templated":true}]}}