{"id":11332,"date":"2023-01-27T09:43:59","date_gmt":"2023-01-27T09:43:59","guid":{"rendered":"https:\/\/mastercook.md\/?post_type=product&#038;p=11332"},"modified":"2026-01-13T15:42:24","modified_gmt":"2026-01-13T15:42:24","slug":"plita-incorporabila-vega-mc-e-4265-texture-bl-glass","status":"publish","type":"product","link":"https:\/\/mastercook.md\/ro\/produs\/plita-incorporabila-vega-mc-e-4265-texture-bl-glass\/","title":{"rendered":"Plita incorporabila VEGA MC-E 4265 TEXTURE BL GLASS"},"content":{"rendered":"<h1><strong>Plita incorporabila VEGA MC-E 4265 TEXTURE BL GLASS<br \/>\n<\/strong><\/h1>\n<p>Plita incorporabile VEGA MC-e 4265 TEXTURE BL este un stil modern, fiabilitate ridicat\u0103 \u0219i cel mai accesibil pre\u021b. Combina\u021bia de o\u021bel inoxidabil texturat \u0219i sticl\u0103 neagr\u0103 c\u0103lit\u0103 \u00een culoarea neagr\u0103 va completa cu siguran\u021b\u0103 orice interior de buc\u0103t\u0103rie \u00eentr-un stil modern. \u00cen general, aparatele de buc\u0103t\u0103rie din o\u021bel inoxidabil texturat sunt unul dintre hiturile din ultimii ani.<br \/>\nCump\u0103ra\u021bi o suprafa\u021b\u0103 de g\u0103tit VEGA MC-e 4265 TEXTURE BL este o alegere excelent\u0103 dac\u0103 sunte\u021bi un iubitor de electrocasnice frumoase \u0219i fiabile! La dezvoltarea suprafe\u021bei de\u00a0 VEGA MC-e 4265 TEXTURE BL, am avut grij\u0103 de confortul maxim al utiliz\u0103rii sale \u0219i de siguran\u021ba maxim\u0103, deci este echipat cu caracteristici precum :<\/p>\n<ul>\n<li>O\u021bel inoxidabil texturat &#8211; nu las\u0103 pete pe degete \u0219i este u\u0219or de cur\u0103\u021bat;<\/li>\n<li>Sticl\u0103 c\u0103lit\u0103 pe panoul de control &#8211; ca element decorativ suplimentar;<\/li>\n<li>Controlul gazului &#8211; \u00een caz de stingere a fl\u0103c\u0103rii, alimentarea cu gaz este oprit\u0103 automat;<\/li>\n<li>Aprindere electric\u0103;<\/li>\n<li>Grile din font\u0103;<\/li>\n<li>Arz\u0103tor WOK-utilizat pentru \u00eenc\u0103lzirea rapid\u0103 \u0219i g\u0103titul vaselor \u00een vasele WOK;<\/li>\n<li>Arz\u0103toare economice \u0219i eficiente;<\/li>\n<li>Garan\u021bie &#8211; 2 ani.<\/li>\n<\/ul>\n<h3>Plita Vega MC-e 4265 TEXTURE BL este echipat\u0103 cu elemente de fixare.<\/h3>\n<p>Pute\u021bi cump\u0103ra o plit\u0103 Pe gaz VEGA MC-e 4265 TEXTURE bl din magazinul nostru sau de la partenerii no\u0219tri. Principiul nostru principal este calitatea \u00eenalt\u0103 la un pre\u021b accesibil, precum \u0219i confortul maxim la cump\u0103r\u0103turi pentru clien\u021bii no\u0219tri.<\/p>\n","protected":false},"excerpt":{"rendered":"<p>Plita incorporabila VEGA MC-E 4265 TEXTURE BL GLASS Plita incorporabile VEGA MC-e 4265 TEXTURE BL este un stil modern, fiabilitate<\/p>\n","protected":false},"featured_media":9723,"comment_status":"open","ping_status":"closed","template":"","meta":[],"product_brand":[339],"product_cat":[662,661],"product_tag":[],"class_list":{"0":"post-11332","1":"product","2":"type-product","3":"status-publish","4":"has-post-thumbnail","6":"product_brand-mastercook","7":"product_cat-gaz","8":"product_cat-plite-incorporabila","10":"first","11":"instock","12":"shipping-taxable","13":"purchasable","14":"product-type-simple"},"_links":{"self":[{"href":"https:\/\/mastercook.md\/ro\/wp-json\/wp\/v2\/product\/11332","targetHints":{"allow":["GET"]}}],"collection":[{"href":"https:\/\/mastercook.md\/ro\/wp-json\/wp\/v2\/product"}],"about":[{"href":"https:\/\/mastercook.md\/ro\/wp-json\/wp\/v2\/types\/product"}],"replies":[{"embeddable":true,"href":"https:\/\/mastercook.md\/ro\/wp-json\/wp\/v2\/comments?post=11332"}],"wp:featuredmedia":[{"embeddable":true,"href":"https:\/\/mastercook.md\/ro\/wp-json\/wp\/v2\/media\/9723"}],"wp:attachment":[{"href":"https:\/\/mastercook.md\/ro\/wp-json\/wp\/v2\/media?parent=11332"}],"wp:term":[{"taxonomy":"product_brand","embeddable":true,"href":"https:\/\/mastercook.md\/ro\/wp-json\/wp\/v2\/product_brand?post=11332"},{"taxonomy":"product_cat","embeddable":true,"href":"https:\/\/mastercook.md\/ro\/wp-json\/wp\/v2\/product_cat?post=11332"},{"taxonomy":"product_tag","embeddable":true,"href":"https:\/\/mastercook.md\/ro\/wp-json\/wp\/v2\/product_tag?post=11332"}],"curies":[{"name":"wp","href":"https:\/\/api.w.org\/{rel}","templated":true}]}}