{"id":11335,"date":"2023-01-27T14:50:47","date_gmt":"2023-01-27T14:50:47","guid":{"rendered":"https:\/\/mastercook.md\/?post_type=product&#038;p=11335"},"modified":"2026-01-13T15:46:24","modified_gmt":"2026-01-13T15:46:24","slug":"ru%d0%b4%d1%83%d1%85%d0%be%d0%b2%d0%ba%d0%b0-%d0%b2%d1%81%d1%82%d1%80%d0%b0%d0%b8%d0%b2%d0%b0%d0%b5%d0%bc%d0%b0%d1%8f-mastercook-lira-mc-71m8-bl_ix-glassrocuptor-incorporabil-mastercook-lira-mc","status":"publish","type":"product","link":"https:\/\/mastercook.md\/ro\/produs\/ru%d0%b4%d1%83%d1%85%d0%be%d0%b2%d0%ba%d0%b0-%d0%b2%d1%81%d1%82%d1%80%d0%b0%d0%b8%d0%b2%d0%b0%d0%b5%d0%bc%d0%b0%d1%8f-mastercook-lira-mc-71m8-bl_ix-glassrocuptor-incorporabil-mastercook-lira-mc\/","title":{"rendered":"Cuptor \u00eencorporabil Mastercook LIRA MC-71M8 BL_IX GLASS"},"content":{"rendered":"<p>&nbsp;<\/p>\n<h1>Cuptor \u00eencorporabil Mastercook LIRA MC-71M8 BL_IX GLASS<\/h1>\n<p>Cuptorul \u00eencorporabil Mastercook LIRA MC-71M8 BL_IX GLASS \u00a0este o noutate de la MASTERCOOK, care ofer\u0103 un echilibru perfect \u00eentre performan\u021b\u0103, fiabilitate \u0219i pre\u021b accesibil. Modelul este realizat \u00eentr-o nuan\u021b\u0103 neagr\u0103 elegant\u0103, potrivindu-se armonios \u00een orice stil de buc\u0103t\u0103rie.<\/p>\n<p>Partea frontal\u0103 a cuptorului Mastercook LIRA MC-71M8 BL_IX GLASS combin\u0103 sticla \u0219i o\u021belul inoxidabil, conferindu-i un aspect modern \u0219i sofisticat. Un avantaj important al acestui model este faptul c\u0103 \u00a0panoul din o\u021bel inoxidabil este amplasat sub stratul de sticl\u0103, ceea ce face cur\u0103\u021barea mult mai simpl\u0103 \u2013 sticla se \u0219terge mai u\u0219or dec\u00e2t metalul.<\/p>\n<p>Controlul temperaturii, al timerului \u0219i al modurilor de coacere se realizeaz\u0103 prin trei butoane rotative retractabile, oferind un design minimalist \u0219i practic.<\/p>\n<p>Cu un \u00a0volum util de 71 litri, acest cuptor permite prepararea simultan\u0103 a mai multor feluri de m\u00e2ncare sau a unor preparate de dimensiuni mari.<\/p>\n<h3>Caracteristici principale ale cuptorului electric Mastercook LIRA MC-71M8 BL_IX GLASS<\/h3>\n<p>\u2714 \u00a0L\u0103\u021bime standard de 60 cm, compatibil\u0103 cu majoritatea electrocasnicelor \u0219i mobilierului de buc\u0103t\u0103rie;<br \/>\n\u2714 Design modern cu sticl\u0103 \u0219i o\u021bel inoxidabil;<br \/>\n\u2714 Panou din o\u021bel inoxidabil protejat de sticl\u0103**, pentru o cur\u0103\u021bare mai u\u0219oar\u0103 \u0219i \u00eentre\u021binere simplificat\u0103;<br \/>\n\u2714 8 moduri de g\u0103tire versatile;<br \/>\n\u2714 Timer cu setare manual\u0103 a timpului;<br \/>\n\u2714 Ventilator suplimentar pentru r\u0103cirea camerei de coacere;<br \/>\n\u2714 Ghidaje cromate pentru t\u0103vi;<br \/>\n\u2714 Butoane retractabile pentru un design elegant \u0219i func\u021bional;<br \/>\n\u2714 Putere electric\u0103 total\u0103 de 2200 Wt;<br \/>\n\u2714 Clas\u0103 energetic\u0103 A, pentru un consum eficient de energie;<br \/>\n\u2714 Garan\u021bie extins\u0103 de 2 ani.<\/p>\n<p>&nbsp;<\/p>\n<p>Achizi\u021biona\u021bi cuptorul **Mastercook LIRA MC-71M8 BL_IX GLASS** din magazinul nostru sau prin partenerii no\u0219tri. Misiunea noastr\u0103 este s\u0103 oferim **calitate superioar\u0103 la pre\u021buri accesibile**, asigur\u00e2nd \u00een acela\u0219i timp **o experien\u021b\u0103 de cump\u0103rare c\u00e2t mai confortabil\u0103 pentru clien\u021bii no\u0219tri**<\/p>\n","protected":false},"excerpt":{"rendered":"<h2>Cuptor \u00eencorporabil Mastercook LIRA MC-71M8 BL_IX GLASS<\/h2>\n<p><strong>\u00cen cuptoarele \u00a0Mastercook din seria Lira sunt disponibile \u00a08 moduri de g\u0103tire:<\/strong> \ud83d\udd39 Dezghe\u021bare rapid\u0103; \ud83d\udd39 \u00cenc\u0103lzire tradi\u021bional\u0103 cu convec\u021bie 3D, pentru o coacere uniform\u0103; \ud83d\udd39 \u00cenc\u0103lzire superioar\u0103 \u0219i inferioar\u0103; \ud83d\udd39 \u00cenc\u0103lzire inferioar\u0103 combinat\u0103 cu ventilator de convec\u021bie, ideal\u0103 pentru pizza \u0219i tarte; \ud83d\udd39 \u00cenc\u0103lzire superioar\u0103 combinat\u0103 cu ventilator de convec\u021bie, perfect\u0103 pentru gratinare; \ud83d\udd39 \u00cenc\u0103lzire superior; \ud83d\udd39 \u00cenc\u0103lzire inferioar\u0103, potrivit\u0103 pentru men\u021binerea preparatelor calde sau \u00eenc\u0103lzirea vaselor; \ud83d\udd39 Grill mare, pentru preparate crocante \u0219i bine rumenite. Seria \u00a0Lira este o gam\u0103 accesibil\u0103 de cuptoare \u00a0Mastercook, dar cu func\u021bionalitate maxim\u0103 pentru utilizarea zilnic\u0103. Garan\u021bie: 24 de luni.[:]<\/p>\n","protected":false},"featured_media":10272,"comment_status":"open","ping_status":"closed","template":"","meta":[],"product_brand":[339],"product_cat":[672],"product_tag":[],"class_list":{"0":"post-11335","1":"product","2":"type-product","3":"status-publish","4":"has-post-thumbnail","6":"product_brand-mastercook","7":"product_cat-cuptoare-incorporabila","8":"pa_glass_door-779","10":"first","11":"instock","12":"shipping-taxable","13":"purchasable","14":"product-type-simple"},"_links":{"self":[{"href":"https:\/\/mastercook.md\/ro\/wp-json\/wp\/v2\/product\/11335","targetHints":{"allow":["GET"]}}],"collection":[{"href":"https:\/\/mastercook.md\/ro\/wp-json\/wp\/v2\/product"}],"about":[{"href":"https:\/\/mastercook.md\/ro\/wp-json\/wp\/v2\/types\/product"}],"replies":[{"embeddable":true,"href":"https:\/\/mastercook.md\/ro\/wp-json\/wp\/v2\/comments?post=11335"}],"wp:featuredmedia":[{"embeddable":true,"href":"https:\/\/mastercook.md\/ro\/wp-json\/wp\/v2\/media\/10272"}],"wp:attachment":[{"href":"https:\/\/mastercook.md\/ro\/wp-json\/wp\/v2\/media?parent=11335"}],"wp:term":[{"taxonomy":"product_brand","embeddable":true,"href":"https:\/\/mastercook.md\/ro\/wp-json\/wp\/v2\/product_brand?post=11335"},{"taxonomy":"product_cat","embeddable":true,"href":"https:\/\/mastercook.md\/ro\/wp-json\/wp\/v2\/product_cat?post=11335"},{"taxonomy":"product_tag","embeddable":true,"href":"https:\/\/mastercook.md\/ro\/wp-json\/wp\/v2\/product_tag?post=11335"}],"curies":[{"name":"wp","href":"https:\/\/api.w.org\/{rel}","templated":true}]}}