{"id":11338,"date":"2023-02-03T07:13:49","date_gmt":"2023-02-03T07:13:49","guid":{"rendered":"https:\/\/mastercook.md\/?post_type=product&#038;p=11338"},"modified":"2026-01-13T15:50:25","modified_gmt":"2026-01-13T15:50:25","slug":"plita-incorporabila-combinata-mastercook-sirius-mc-e-4622-bl","status":"publish","type":"product","link":"https:\/\/mastercook.md\/ro\/produs\/plita-incorporabila-combinata-mastercook-sirius-mc-e-4622-bl\/","title":{"rendered":"Plit\u0103 \u00eencorporabil\u0103 combinat\u0103 Mastercook SIRIUS MC-E 4622 BL"},"content":{"rendered":"<h2><strong>Plit\u0103 \u00eencorporabil\u0103 combinat\u0103 Mastercook SIRIUS MC-E 4622 BL<br \/>\n<\/strong><\/h2>\n<p>Suprafa\u021ba de g\u0103tit a MASTERCOOK SIRIUS MC-E 4622bl este o sob\u0103 universal\u0103 care poate fi ac\u021bionat\u0103 cu gaz sau electricitate. Modelul este vopsit negru cu vopsea pulbere, astfel \u00eenc\u00e2t acoperirea nu este supus\u0103 decolor\u0103rii \u0219i este rezistent\u0103 la zg\u00e2rieturi mici.<br \/>\nLa dezvoltarea suprafe\u021bei MASTERCOOK SIRIUS MC-E 4622bl, am avut grij\u0103 de confortul maxim al utiliz\u0103rii sale \u0219i de siguran\u021ba maxim\u0103, deci este echipat cu func\u021bii precum:<\/p>\n<ul>\n<li>2 arz\u0103toare electrice cu o capacitate de 1500 Wt \u0219i un diametru de 14 cm;<\/li>\n<li>2 arz\u0103toare pe gaz &#8211; unul mare \u0219i unul mediu;<\/li>\n<li>Senzor de flac\u0103r\u0103-control gaz;<\/li>\n<li>Electro aprindere;<\/li>\n<li>Suport pentru vase din font\u0103;<\/li>\n<li>Este posibil s\u0103 se utilizeze metan sau propan (este necesar s\u0103 se \u00eenlocuiasc\u0103 duzele);<\/li>\n<li>Arz\u0103toare economice \u0219i eficiente;<\/li>\n<li>Garan\u021bie &#8211; 2 ani.<\/li>\n<\/ul>\n<p>Suprafa\u021ba de g\u0103tit a MASTERCOOK SIRIUS MC-E 4622bl este echipat\u0103 cu elemente de fixare.<\/p>\n<p>Pute\u021bi cump\u0103ra o plit\u0103 Pe gaz MASTERCOOK SIRIUS MC-E 4622bl din magazinul nostru sau de la partenerii no\u0219tri. Principiul nostru principal este calitatea \u00eenalt\u0103 la un pre\u021b accesibil, precum \u0219i confortul maxim la cump\u0103r\u0103turi pentru clien\u021bii no\u0219tri.[:]<\/p>\n","protected":false},"excerpt":{"rendered":"<p>Plit\u0103 \u00eencorporabil\u0103 combinat\u0103 Mastercook SIRIUS MC-E 4622 BL Suprafa\u021ba de g\u0103tit a MASTERCOOK SIRIUS MC-E 4622bl este o sob\u0103 universal\u0103<\/p>\n","protected":false},"featured_media":9768,"comment_status":"open","ping_status":"closed","template":"","meta":[],"product_brand":[339],"product_cat":[663,661],"product_tag":[],"class_list":{"0":"post-11338","1":"product","2":"type-product","3":"status-publish","4":"has-post-thumbnail","6":"product_brand-mastercook","7":"product_cat-combi","8":"product_cat-plite-incorporabila","10":"first","11":"instock","12":"shipping-taxable","13":"purchasable","14":"product-type-simple"},"_links":{"self":[{"href":"https:\/\/mastercook.md\/ro\/wp-json\/wp\/v2\/product\/11338","targetHints":{"allow":["GET"]}}],"collection":[{"href":"https:\/\/mastercook.md\/ro\/wp-json\/wp\/v2\/product"}],"about":[{"href":"https:\/\/mastercook.md\/ro\/wp-json\/wp\/v2\/types\/product"}],"replies":[{"embeddable":true,"href":"https:\/\/mastercook.md\/ro\/wp-json\/wp\/v2\/comments?post=11338"}],"wp:featuredmedia":[{"embeddable":true,"href":"https:\/\/mastercook.md\/ro\/wp-json\/wp\/v2\/media\/9768"}],"wp:attachment":[{"href":"https:\/\/mastercook.md\/ro\/wp-json\/wp\/v2\/media?parent=11338"}],"wp:term":[{"taxonomy":"product_brand","embeddable":true,"href":"https:\/\/mastercook.md\/ro\/wp-json\/wp\/v2\/product_brand?post=11338"},{"taxonomy":"product_cat","embeddable":true,"href":"https:\/\/mastercook.md\/ro\/wp-json\/wp\/v2\/product_cat?post=11338"},{"taxonomy":"product_tag","embeddable":true,"href":"https:\/\/mastercook.md\/ro\/wp-json\/wp\/v2\/product_tag?post=11338"}],"curies":[{"name":"wp","href":"https:\/\/api.w.org\/{rel}","templated":true}]}}