{"id":11341,"date":"2023-02-03T08:32:42","date_gmt":"2023-02-03T08:32:42","guid":{"rendered":"https:\/\/mastercook.md\/?post_type=product&#038;p=11341"},"modified":"2026-01-13T15:54:43","modified_gmt":"2026-01-13T15:54:43","slug":"mastercook-atria-mc-e-2311e","status":"publish","type":"product","link":"https:\/\/mastercook.md\/ro\/produs\/mastercook-atria-mc-e-2311e\/","title":{"rendered":"Plita incorporabila combinata ATRIA MC-E 2311 E INOX"},"content":{"rendered":"<h1><strong>Plita incorporabila combinata ATRIA MC-E 2311 E INOX<br \/>\n<\/strong><\/h1>\n<p>Suprafa\u021ba de g\u0103tit a MASTERCOOK ASTORIA MC-E 2311\u00a0 INOX este o sob\u0103 universal\u0103 care poate fi ac\u021bionat\u0103 cu gaz sau electricitate. Modelul este fabricat din o\u021bel inoxidabil.<br \/>\nLa dezvoltarea suprafe\u021bei MASTERCOOK ATRIA MC- E 2311\u00a0 INOX, am avut grij\u0103 de confortul maxim al utiliz\u0103rii sale \u0219i de siguran\u021ba maxim\u0103, deci este echipat cu func\u021bii precum:<\/p>\n<ul>\n<li>1 arz\u0103tor electric cu o capacitate de 1500 W \u0219i un diametru de 14 cm;<\/li>\n<li>1 arz\u0103tor cu gaz;<\/li>\n<li>Senzor de flac\u0103r\u0103 &#8211; oprirea de urgen\u021b\u0103 a aliment\u0103rii cu gaz \u00een caz de stingere a fl\u0103c\u0103rii;<\/li>\n<li>Electro aprindere;<\/li>\n<li>Suport pentru vase din font\u0103;<\/li>\n<li>Este posibil s\u0103 se utilizeze metan sau propan (este necesar s\u0103 se \u00eenlocuiasc\u0103 duzele);<\/li>\n<li>Arz\u0103toare economice \u0219i eficiente;<\/li>\n<li>Garan\u021bie &#8211; 2 ani.<\/li>\n<\/ul>\n<p>Suprafa\u021ba de g\u0103tit a MASTERCOOK ATRIA MC-E 2311 INOX este echipat\u0103 cu elemente de fixare.<\/p>\n<p>Pute\u021bi cump\u0103ra o suprafa\u021b\u0103 de g\u0103tit pe gaz MASTERCOOK ASTORIA MC-E 2311 INOX din magazinul nostru sau de la partenerii no\u0219tri. Principiul nostru principal este calitatea \u00eenalt\u0103 la un pre\u021b accesibil, precum \u0219i confortul maxim la cump\u0103r\u0103turi pentru clien\u021bii no\u0219tri.<\/p>\n","protected":false},"excerpt":{"rendered":"<p>Plita incorporabila combinata ATRIA MC-E 2311 E INOX Suprafa\u021ba de g\u0103tit a MASTERCOOK ASTORIA MC-E 2311\u00a0 INOX este o sob\u0103<\/p>\n","protected":false},"featured_media":9784,"comment_status":"open","ping_status":"closed","template":"","meta":[],"product_brand":[339],"product_cat":[663,661],"product_tag":[],"class_list":{"0":"post-11341","1":"product","2":"type-product","3":"status-publish","4":"has-post-thumbnail","6":"product_brand-mastercook","7":"product_cat-combi","8":"product_cat-plite-incorporabila","10":"first","11":"instock","12":"shipping-taxable","13":"purchasable","14":"product-type-simple"},"_links":{"self":[{"href":"https:\/\/mastercook.md\/ro\/wp-json\/wp\/v2\/product\/11341","targetHints":{"allow":["GET"]}}],"collection":[{"href":"https:\/\/mastercook.md\/ro\/wp-json\/wp\/v2\/product"}],"about":[{"href":"https:\/\/mastercook.md\/ro\/wp-json\/wp\/v2\/types\/product"}],"replies":[{"embeddable":true,"href":"https:\/\/mastercook.md\/ro\/wp-json\/wp\/v2\/comments?post=11341"}],"wp:featuredmedia":[{"embeddable":true,"href":"https:\/\/mastercook.md\/ro\/wp-json\/wp\/v2\/media\/9784"}],"wp:attachment":[{"href":"https:\/\/mastercook.md\/ro\/wp-json\/wp\/v2\/media?parent=11341"}],"wp:term":[{"taxonomy":"product_brand","embeddable":true,"href":"https:\/\/mastercook.md\/ro\/wp-json\/wp\/v2\/product_brand?post=11341"},{"taxonomy":"product_cat","embeddable":true,"href":"https:\/\/mastercook.md\/ro\/wp-json\/wp\/v2\/product_cat?post=11341"},{"taxonomy":"product_tag","embeddable":true,"href":"https:\/\/mastercook.md\/ro\/wp-json\/wp\/v2\/product_tag?post=11341"}],"curies":[{"name":"wp","href":"https:\/\/api.w.org\/{rel}","templated":true}]}}