{"id":11344,"date":"2023-05-25T08:03:48","date_gmt":"2023-05-25T08:03:48","guid":{"rendered":"https:\/\/mastercook.md\/?post_type=product&#038;p=11344"},"modified":"2026-01-13T16:00:32","modified_gmt":"2026-01-13T16:00:32","slug":"plite-incorporabile-eclipse-dark-inox","status":"publish","type":"product","link":"https:\/\/mastercook.md\/ro\/produs\/plite-incorporabile-eclipse-dark-inox\/","title":{"rendered":"Plite incorporabile ECLIPSE DARK INOX"},"content":{"rendered":"<h2 class=\"product-title entry-title\">Plite incorporabile ECLIPSE DARK INOX<\/h2>\n<div class=\"price-wrapper\">\n<p>Plita Eclipse Dark Inox de la Mastercook este un model cu adev\u0103rat modern \u0219i func\u021bional, cu o combina\u021bie de sticl\u0103 c\u0103lit\u0103 neagr\u0103 \u0219i inox \u00eenchis \u00a0la culoare. Un strat suplimentar de \u00a0o\u021bel inoxidabil confer\u0103 suprafe\u021bei o culoare grafit \u00eenchis \u0219i protejeaz\u0103 suprafa\u021ba de actiunea factorilor mecanici \u0219i chimici.<\/p>\n<\/div>\n<div class=\"product-short-description\">\n<div class=\"_26QK4TVWQk0-Nvk9qzFwsy\">\n<div id=\"row-1326991235\" class=\"row\">\n<div class=\"col hide-for-medium medium-1\/1 large-12\">\n<div class=\"col-inner\">\n<ul>\n<li><em><strong>Combina\u021bia de inox<\/strong><\/em> \u00eenchis la culoare \u0219i sticl\u0103 c\u0103lit\u0103 va completa \u0219i decora orice interior!<\/li>\n<li><em><strong>Grilele din font\u0103<\/strong><\/em> de \u00eenalt\u0103 calitate sunt invariabile de calitate, fiabilitate \u0219i durabilitate! Datorit\u0103 structurii speciale a gr\u0103tarelor solide, a\u0219ezarea vaselor pe ele devine \u0219i mai comoda \u0219i mai stabil\u0103!<\/li>\n<li><em><strong>Sticla neagr\u0103<\/strong><\/em> c\u0103lit\u0103 nu numai c\u0103 arat\u0103 luxoas\u0103, subliniind aspectul magnific al acestui model, dar face fa\u021b\u0103 \u0219i actiunii factorilor mecanici, precum si \u0219i suprasolicitarii termice!<\/li>\n<li><em><strong>Controlul cu gaz<\/strong><\/em> al fiec\u0103rui arz\u0103tor asigur\u0103 cea mai mare siguran\u021b\u0103: dac\u0103 flac\u0103ra se stinge, alimentarea cu gaz se va \u00eentrerupe automat!<\/li>\n<li><em><strong>Butoanele de control Hi-Tech<\/strong><\/em> completeaz\u0103 aspectul modern al modelului. Mai mult, caracteristicile de design ale structurii \u0219i amplasarea acestor m\u00e2nere le protejeaz\u0103 de supra\u00eenc\u0103lzire \u0219i deformare \u00een timpul expunerii termice prelungite \u00een timpul g\u0103titului!<\/li>\n<li><em><strong>Aprinderea electric\u0103 automat\u0103<\/strong><\/em>, \u00eencorporat\u0103 independenta \u00een fiecare dintre butoanele de control, va aprinde orice arz\u0103tor \u00eentr-o frac\u021biune de secund\u0103, cu o singur\u0103 ap\u0103sare \u0219i rotire.<\/li>\n<\/ul>\n<\/div>\n<\/div>\n<\/div>\n<\/div>\n<\/div>\n<p>Suprafa\u021ba de g\u0103tit Eclipse Dark Inox sunt echipate cu elemente de fixare.<br \/>\nPute\u021bi cump\u0103ra o suprafa\u021b\u0103 de g\u0103tit pe gaz Eclipse Dark Inox din magazinul nostru sau de la partenerii no\u0219tri. Principiul nostru principal este calitatea \u00eenalt\u0103 la un pre\u021b accesibil, precum \u0219i confortul maxim la cump\u0103r\u0103turi pentru clien\u021bii no\u0219tri.<\/p>\n","protected":false},"excerpt":{"rendered":"<p>Plite incorporabile ECLIPSE DARK INOX Plita Eclipse Dark Inox de la Mastercook este un model cu adev\u0103rat modern \u0219i func\u021bional,<\/p>\n","protected":false},"featured_media":9819,"comment_status":"open","ping_status":"closed","template":"","meta":[],"product_brand":[339],"product_cat":[662,661],"product_tag":[],"class_list":{"0":"post-11344","1":"product","2":"type-product","3":"status-publish","4":"has-post-thumbnail","6":"product_brand-mastercook","7":"product_cat-gaz","8":"product_cat-plite-incorporabila","10":"first","11":"instock","12":"shipping-taxable","13":"purchasable","14":"product-type-simple"},"_links":{"self":[{"href":"https:\/\/mastercook.md\/ro\/wp-json\/wp\/v2\/product\/11344","targetHints":{"allow":["GET"]}}],"collection":[{"href":"https:\/\/mastercook.md\/ro\/wp-json\/wp\/v2\/product"}],"about":[{"href":"https:\/\/mastercook.md\/ro\/wp-json\/wp\/v2\/types\/product"}],"replies":[{"embeddable":true,"href":"https:\/\/mastercook.md\/ro\/wp-json\/wp\/v2\/comments?post=11344"}],"wp:featuredmedia":[{"embeddable":true,"href":"https:\/\/mastercook.md\/ro\/wp-json\/wp\/v2\/media\/9819"}],"wp:attachment":[{"href":"https:\/\/mastercook.md\/ro\/wp-json\/wp\/v2\/media?parent=11344"}],"wp:term":[{"taxonomy":"product_brand","embeddable":true,"href":"https:\/\/mastercook.md\/ro\/wp-json\/wp\/v2\/product_brand?post=11344"},{"taxonomy":"product_cat","embeddable":true,"href":"https:\/\/mastercook.md\/ro\/wp-json\/wp\/v2\/product_cat?post=11344"},{"taxonomy":"product_tag","embeddable":true,"href":"https:\/\/mastercook.md\/ro\/wp-json\/wp\/v2\/product_tag?post=11344"}],"curies":[{"name":"wp","href":"https:\/\/api.w.org\/{rel}","templated":true}]}}