{"id":11349,"date":"2023-06-09T06:10:49","date_gmt":"2023-06-09T06:10:49","guid":{"rendered":"https:\/\/mastercook.md\/?post_type=product&#038;p=11349"},"modified":"2026-01-13T16:29:50","modified_gmt":"2026-01-13T16:29:50","slug":"mastercook-domo-70060-wh-led","status":"publish","type":"product","link":"https:\/\/mastercook.md\/ro\/produs\/mastercook-domo-70060-wh-led\/","title":{"rendered":"Hota cupolara Domo 700(60) LED"},"content":{"rendered":"<h3><strong>Hota Domo 700(60) LED<\/strong><\/h3>\n<p>Hota cupolara\u00a0Mastercook Domo 700(60) LED cu o l\u0103\u021bime a corpului de 60 cm \u00a0\u0219i o capacitate a turbinei de 700 m3\/or\u0103. Acest model nu va fi doar un asistent practic \u00een buc\u0103t\u0103rie cu o suprafa\u021b\u0103 de p\u00e2n\u0103 la 20 mp., dar completeaz\u0103 perfect orice interior modern.<\/p>\n<h3><strong>Alte caracteristici ale modelului:<\/strong><\/h3>\n<p>Ca \u0219i alte hote de la Mastercook, modelul Domo 700 LED\u00a0are un set simplu \u0219i standard de caracteristici:<\/p>\n<ul>\n<li>Model \u00a0cu fa\u021bad\u0103 din metal, potrivit pentru orice interior modern;<\/li>\n<li>Controlul este realizat de butoane mechanic ;<\/li>\n<li>Inima hotei este o turbin\u0103 puternic\u0103, eficient\u0103 \u0219i economic\u0103, cu dou\u0103 rotoare axiale;<\/li>\n<li>3 viteze de rota\u021bie a turbinei;<\/li>\n<li>Posibilitatea de a alege un mod adecvat de purificare a aerului \u2013 ie\u0219ire \u00een afara buc\u0103t\u0103riei sau recirculare (cur\u0103\u021bare cu filtre de carbon \u00eenlocuibile);<\/li>\n<li>Iluminare LED modern\u0103 \u2013 \u00a02 * 1,5 Wt ;<\/li>\n<li>Modelul folose\u0219te un filtru de captare a gr\u0103similor din aluminiu cu cinci straturi;<\/li>\n<li>Garan\u021bia este de 2 ani.<\/li>\n<\/ul>\n<p>Hotele Domo 700 LED\u00a0sunt echipate cu o supap\u0103 de re\u021binere, un filtru de gr\u0103sime din aluminiu, elemente de fixare, o supap\u0103 de re\u021binere.<\/p>\n","protected":false},"excerpt":{"rendered":"<p>Hota Domo 700(60) LED Hota cupolara\u00a0Mastercook Domo 700(60) LED cu o l\u0103\u021bime a corpului de 60 cm \u00a0\u0219i o capacitate<\/p>\n","protected":false},"featured_media":9942,"comment_status":"open","ping_status":"closed","template":"","meta":[],"product_brand":[339],"product_cat":[669,664],"product_tag":[],"class_list":{"0":"post-11349","1":"product","2":"type-product","3":"status-publish","4":"has-post-thumbnail","6":"product_brand-mastercook","7":"product_cat-hote-cupolare","8":"product_cat-hote-de-bucatarie","9":"pa_country-ukraina","11":"first","12":"instock","13":"shipping-taxable","14":"purchasable","15":"product-type-variable"},"_links":{"self":[{"href":"https:\/\/mastercook.md\/ro\/wp-json\/wp\/v2\/product\/11349","targetHints":{"allow":["GET"]}}],"collection":[{"href":"https:\/\/mastercook.md\/ro\/wp-json\/wp\/v2\/product"}],"about":[{"href":"https:\/\/mastercook.md\/ro\/wp-json\/wp\/v2\/types\/product"}],"replies":[{"embeddable":true,"href":"https:\/\/mastercook.md\/ro\/wp-json\/wp\/v2\/comments?post=11349"}],"wp:featuredmedia":[{"embeddable":true,"href":"https:\/\/mastercook.md\/ro\/wp-json\/wp\/v2\/media\/9942"}],"wp:attachment":[{"href":"https:\/\/mastercook.md\/ro\/wp-json\/wp\/v2\/media?parent=11349"}],"wp:term":[{"taxonomy":"product_brand","embeddable":true,"href":"https:\/\/mastercook.md\/ro\/wp-json\/wp\/v2\/product_brand?post=11349"},{"taxonomy":"product_cat","embeddable":true,"href":"https:\/\/mastercook.md\/ro\/wp-json\/wp\/v2\/product_cat?post=11349"},{"taxonomy":"product_tag","embeddable":true,"href":"https:\/\/mastercook.md\/ro\/wp-json\/wp\/v2\/product_tag?post=11349"}],"curies":[{"name":"wp","href":"https:\/\/api.w.org\/{rel}","templated":true}]}}