{"id":11404,"date":"2023-07-05T05:18:25","date_gmt":"2023-07-05T05:18:25","guid":{"rendered":"https:\/\/mastercook.md\/?post_type=product&#038;p=11404"},"modified":"2026-01-14T13:58:20","modified_gmt":"2026-01-14T13:58:20","slug":"plita-incorporabila-mastercook-symphony-backlight-black","status":"publish","type":"product","link":"https:\/\/mastercook.md\/ro\/produs\/plita-incorporabila-mastercook-symphony-backlight-black\/","title":{"rendered":"Plita incorporabila Mastercook SYMPHONY BACKLIGHT BLACK"},"content":{"rendered":"<h2 class=\"product-title entry-title\">Plita incorporabila Mastercook SYMPHONY BACKLIGHT BLACK<\/h2>\n<h5 class=\"product-title entry-title\">de la MASTERCOOK este un model cu adev\u0103rat modern \u0219i func\u021bional cu <span lang=\"EN-GB\">butoanelor iluminarea LED.\u00a0<\/span><\/h5>\n<div id=\"row-1326991235\" class=\"row\">\n<div class=\"col hide-for-medium medium-1\/1 large-12\">\n<div class=\"col-inner\">\n<ul>\n<li><span lang=\"EN-GB\"><em><strong>Iluminarea LED a butoanelor<\/strong><\/em> complementeaza designul tehnologizat al modelului cu o indicatie luminoasa placuta de culoare alba!<\/span><\/li>\n<li><em><strong>Grilele din font\u0103<\/strong><\/em> de \u00eenalt\u0103 calitate sunt invariabile de calitate, fiabilitate \u0219i durabilitate! Datorit\u0103 structurii speciale a gr\u0103tarelor solide, a\u0219ezarea vaselor pe ele devine \u0219i mai comoda \u0219i mai stabil\u0103!<\/li>\n<li><em><strong>Sticla neagr\u0103<\/strong><\/em> c\u0103lit\u0103 nu numai c\u0103 arat\u0103 luxoas\u0103, subliniind aspectul magnific al acestui model, dar face fa\u021b\u0103 \u0219i actiunii factorilor mecanici, precum si \u0219i suprasolicitarii termice!<\/li>\n<li><em><strong>Controlul cu gaz<\/strong><\/em> al fiec\u0103rui arz\u0103tor asigur\u0103 cea mai mare siguran\u021b\u0103: dac\u0103 flac\u0103ra se stinge, alimentarea cu gaz se va \u00eentrerupe automat!<\/li>\n<li><em><strong>Butoanele de control Hi-Tech<\/strong><\/em> completeaz\u0103 aspectul modern al modelului. Mai mult, caracteristicile de design ale structurii \u0219i amplasarea acestor m\u00e2nere le protejeaz\u0103 de supra\u00eenc\u0103lzire \u0219i deformare \u00een timpul expunerii termice prelungite \u00een timpul g\u0103titului!<\/li>\n<li><em><strong>Aprinderea electric\u0103 automat\u0103<\/strong><\/em>, \u00eencorporat\u0103 independenta \u00een fiecare dintre butoanele de control, va aprinde orice arz\u0103tor \u00eentr-o frac\u021biune de secund\u0103, cu o singur\u0103 ap\u0103sare \u0219i rotire.<\/li>\n<\/ul>\n<\/div>\n<\/div>\n<\/div>\n<p>Suprafa\u021ba de g\u0103tit SYMPHONY BACKLIGHT BLACK sunt echipate cu elemente de fixare.<br \/>\nPute\u021bi cump\u0103ra o suprafa\u021b\u0103 de g\u0103tit pe gaz Eclipse Dark Inox din magazinul nostru sau de la partenerii no\u0219tri. Principiul nostru principal este calitatea \u00eenalt\u0103 la un pre\u021b accesibil, precum \u0219i confortul maxim la cump\u0103r\u0103turi pentru clien\u021bii no\u0219tri. <a href=\"http:\/\/mastercook.md\/product\/symphony-baclights-black\/\" target=\"_blank\" rel=\"noopener\">\u00cen plus fa\u021b\u0103 de acest model, pute\u021bi achizi\u021biona un cuptor realizat \u00een acela\u0219i stil.<\/a><\/p>\n","protected":false},"excerpt":{"rendered":"<p>Plita incorporabila Mastercook SYMPHONY BACKLIGHT BLACK de la MASTERCOOK este un model cu adev\u0103rat modern \u0219i func\u021bional cu butoanelor iluminarea<\/p>\n","protected":false},"featured_media":10061,"comment_status":"open","ping_status":"closed","template":"","meta":[],"product_brand":[339],"product_cat":[662,661],"product_tag":[],"class_list":{"0":"post-11404","1":"product","2":"type-product","3":"status-publish","4":"has-post-thumbnail","6":"product_brand-mastercook","7":"product_cat-gaz","8":"product_cat-plite-incorporabila","10":"first","11":"instock","12":"sale","13":"shipping-taxable","14":"purchasable","15":"product-type-simple"},"_links":{"self":[{"href":"https:\/\/mastercook.md\/ro\/wp-json\/wp\/v2\/product\/11404","targetHints":{"allow":["GET"]}}],"collection":[{"href":"https:\/\/mastercook.md\/ro\/wp-json\/wp\/v2\/product"}],"about":[{"href":"https:\/\/mastercook.md\/ro\/wp-json\/wp\/v2\/types\/product"}],"replies":[{"embeddable":true,"href":"https:\/\/mastercook.md\/ro\/wp-json\/wp\/v2\/comments?post=11404"}],"wp:featuredmedia":[{"embeddable":true,"href":"https:\/\/mastercook.md\/ro\/wp-json\/wp\/v2\/media\/10061"}],"wp:attachment":[{"href":"https:\/\/mastercook.md\/ro\/wp-json\/wp\/v2\/media?parent=11404"}],"wp:term":[{"taxonomy":"product_brand","embeddable":true,"href":"https:\/\/mastercook.md\/ro\/wp-json\/wp\/v2\/product_brand?post=11404"},{"taxonomy":"product_cat","embeddable":true,"href":"https:\/\/mastercook.md\/ro\/wp-json\/wp\/v2\/product_cat?post=11404"},{"taxonomy":"product_tag","embeddable":true,"href":"https:\/\/mastercook.md\/ro\/wp-json\/wp\/v2\/product_tag?post=11404"}],"curies":[{"name":"wp","href":"https:\/\/api.w.org\/{rel}","templated":true}]}}