{"id":11414,"date":"2025-03-03T16:03:33","date_gmt":"2025-03-03T16:03:33","guid":{"rendered":"https:\/\/mastercook.md\/?post_type=product&#038;p=11414"},"modified":"2026-01-14T14:24:31","modified_gmt":"2026-01-14T14:24:31","slug":"cuptor-incorporabil-mastercook-lira-mc-71m8-gray-glass","status":"publish","type":"product","link":"https:\/\/mastercook.md\/ro\/produs\/cuptor-incorporabil-mastercook-lira-mc-71m8-gray-glass\/","title":{"rendered":"Cuptor \u00eencorporabil Mastercook LIRA MC-71M8 GRAY GLASS"},"content":{"rendered":"<h2>Cuptor \u00eencorporabil Mastercook LIRA MC-71M8 GRAY GLASS<\/h2>\n<p>Cuptorul \u00eencorporabil Mastercook LIRA MC-71M8 GRAY GLASS \u00a0este o noutate de la MASTERCOOK, care ofer\u0103 un echilibru perfect \u00eentre performan\u021b\u0103, fiabilitate \u0219i pre\u021b accesibil. Modelul este realizat \u00eentr-o nuan\u021b\u0103 neagr\u0103 elegant\u0103, potrivindu-se armonios \u00een orice stil de buc\u0103t\u0103rie.<\/p>\n<p>Controlul temperaturii, al timerului \u0219i al modurilor de coacere se realizeaz\u0103 prin trei butoane rotative retractabile, oferind un design minimalist \u0219i practic.<\/p>\n<p>Cu un \u00a0volum util de 71 litri, acest cuptor permite prepararea simultan\u0103 a mai multor feluri de m\u00e2ncare sau a unor preparate de dimensiuni mari.<\/p>\n<h3>Caracteristici principale ale cuptorului electric Mastercook LIRA MC-71M8 GRAY GLASS<\/h3>\n<p>\u2714 \u00a0L\u0103\u021bime standard de 60 cm, compatibil\u0103 cu majoritatea electrocasnicelor \u0219i mobilierului de buc\u0103t\u0103rie;<br \/>\n\u2714 Fa\u021bada cuptorului este fabricat\u0103 din sticl\u0103 c\u0103lit\u0103 de culoare gri;<br \/>\n\u2714 8 moduri de g\u0103tire versatile;<br \/>\n\u2714 Timer cu setare manual\u0103 a timpului;<br \/>\n\u2714 Ventilator suplimentar pentru r\u0103cirea camerei de coacere;<br \/>\n\u2714 Ghidaje cromate pentru t\u0103vi;<br \/>\n\u2714 Butoane retractabile pentru un design elegant \u0219i func\u021bional;<br \/>\n\u2714 Putere electric\u0103 total\u0103 de 2200 Wt;<br \/>\n\u2714 Clas\u0103 energetic\u0103 A, pentru un consum eficient de energie;<br \/>\n\u2714 Garan\u021bie extins\u0103 de 2 ani.<\/p>\n<p>&nbsp;<\/p>\n<p>Achizi\u021biona\u021bi cuptorul \u00a0Mastercook LIRA MC-71M8 GRAY GLASS din magazinul nostru sau prin partenerii no\u0219tri. Misiunea noastr\u0103 este s\u0103 oferim calitate superioar\u0103 la pre\u021buri accesibile, asigur\u00e2nd \u00een acela\u0219i timp \u00a0o experien\u021b\u0103 de cump\u0103rare c\u00e2t mai confortabil\u0103 pentru clien\u021bii no\u0219tri.<\/p>\n","protected":false},"excerpt":{"rendered":"<p>Cuptor \u00eencorporabil Mastercook LIRA MC-71M8 GRAY GLASS Cuptorul \u00eencorporabil Mastercook LIRA MC-71M8 GRAY GLASS \u00a0este o noutate de la MASTERCOOK,<\/p>\n","protected":false},"featured_media":10281,"comment_status":"open","ping_status":"closed","template":"","meta":[],"product_brand":[339],"product_cat":[672],"product_tag":[],"class_list":{"0":"post-11414","1":"product","2":"type-product","3":"status-publish","4":"has-post-thumbnail","6":"product_brand-mastercook","7":"product_cat-cuptoare-incorporabila","8":"pa_glass_door-779","10":"first","11":"instock","12":"shipping-taxable","13":"purchasable","14":"product-type-simple"},"_links":{"self":[{"href":"https:\/\/mastercook.md\/ro\/wp-json\/wp\/v2\/product\/11414","targetHints":{"allow":["GET"]}}],"collection":[{"href":"https:\/\/mastercook.md\/ro\/wp-json\/wp\/v2\/product"}],"about":[{"href":"https:\/\/mastercook.md\/ro\/wp-json\/wp\/v2\/types\/product"}],"replies":[{"embeddable":true,"href":"https:\/\/mastercook.md\/ro\/wp-json\/wp\/v2\/comments?post=11414"}],"wp:featuredmedia":[{"embeddable":true,"href":"https:\/\/mastercook.md\/ro\/wp-json\/wp\/v2\/media\/10281"}],"wp:attachment":[{"href":"https:\/\/mastercook.md\/ro\/wp-json\/wp\/v2\/media?parent=11414"}],"wp:term":[{"taxonomy":"product_brand","embeddable":true,"href":"https:\/\/mastercook.md\/ro\/wp-json\/wp\/v2\/product_brand?post=11414"},{"taxonomy":"product_cat","embeddable":true,"href":"https:\/\/mastercook.md\/ro\/wp-json\/wp\/v2\/product_cat?post=11414"},{"taxonomy":"product_tag","embeddable":true,"href":"https:\/\/mastercook.md\/ro\/wp-json\/wp\/v2\/product_tag?post=11414"}],"curies":[{"name":"wp","href":"https:\/\/api.w.org\/{rel}","templated":true}]}}