{"id":11418,"date":"2025-03-06T10:12:19","date_gmt":"2025-03-06T10:12:19","guid":{"rendered":"https:\/\/mastercook.md\/?post_type=product&#038;p=11418"},"modified":"2026-01-14T14:32:27","modified_gmt":"2026-01-14T14:32:27","slug":"hota-incorporabila-mastercook-bora-85052-sensor-fg-led","status":"publish","type":"product","link":"https:\/\/mastercook.md\/ro\/produs\/hota-incorporabila-mastercook-bora-85052-sensor-fg-led\/","title":{"rendered":"Hota \u00eencorporabil\u0103 Mastercook Bora 850(52) Sensor FG LED"},"content":{"rendered":"<h3 data-start=\"0\" data-end=\"63\">Hota \u00eencorporabil\u0103 Mastercook Bora 850(52) Sensor FG LED<\/h3>\n<p data-start=\"65\" data-end=\"461\">Hota <strong data-start=\"70\" data-end=\"114\">Mastercook Bora 850(52) Sensor FG LED<\/strong> este o solu\u021bie modern\u0103 pentru buc\u0103t\u0103rie, care \u00eembin\u0103 performan\u021ba ridicat\u0103, controlul facil \u0219i un design elegant. Modelul asigur\u0103 eliminarea eficient\u0103 a mirosurilor, aburului \u0219i gr\u0103similor datorit\u0103 unei capacit\u0103\u021bi de absorb\u021bie de p\u00e2n\u0103 la <strong data-start=\"352\" data-end=\"364\">850 m\u00b3\/h<\/strong>. Fa\u021bada din sticl\u0103 neagr\u0103 confer\u0103 hotei un aspect modern \u0219i u\u0219or de integrat \u00een orice buc\u0103t\u0103rie.<\/p>\n<h4 data-start=\"463\" data-end=\"489\">Avantajele modelului:<\/h4>\n<ul data-start=\"491\" data-end=\"897\">\n<li data-start=\"491\" data-end=\"548\">\n<p data-start=\"493\" data-end=\"548\">Control tactil \u0219i telecomand\u0103 pentru utilizare comod\u0103<\/p>\n<\/li>\n<li data-start=\"549\" data-end=\"623\">\n<p data-start=\"551\" data-end=\"623\">Capacitate de absorb\u021bie <strong data-start=\"575\" data-end=\"587\">850 m\u00b3\/h<\/strong> pentru cur\u0103\u021barea rapid\u0103 a aerului<\/p>\n<\/li>\n<li data-start=\"624\" data-end=\"690\">\n<p data-start=\"626\" data-end=\"690\">L\u0103\u021bime de <strong data-start=\"636\" data-end=\"645\">52 cm<\/strong>, potrivit\u0103 pentru montaj \u00een dulap de 60 cm<\/p>\n<\/li>\n<li data-start=\"691\" data-end=\"749\">\n<p data-start=\"693\" data-end=\"749\">Iluminare LED a zonei de lucru, eficient\u0103 \u0219i economic\u0103<\/p>\n<\/li>\n<li data-start=\"750\" data-end=\"816\">\n<p data-start=\"752\" data-end=\"816\">Fa\u021bad\u0103 din sticl\u0103 neagr\u0103 sau alb \u2014 design modern \u0219i \u00eentre\u021binere u\u0219oar\u0103<\/p>\n<\/li>\n<li data-start=\"817\" data-end=\"897\">\n<p data-start=\"819\" data-end=\"897\">Mai multe trepte de vitez\u0103 pentru adaptarea puterii \u00een func\u021bie de necesit\u0103\u021bi<\/p>\n<\/li>\n<\/ul>\n<p data-start=\"899\" data-end=\"1045\" data-is-last-node=\"\" data-is-only-node=\"\">Hota \u00eencorporabil\u0103 <strong data-start=\"918\" data-end=\"962\">Mastercook Bora 850(52) Sensor FG LED<\/strong> reprezint\u0103 alegerea ideal\u0103 pentru un aer curat \u0219i un plus de confort \u00een buc\u0103t\u0103rie.<\/p>\n","protected":false},"excerpt":{"rendered":"<p>Hota \u00eencorporabil\u0103 Mastercook Bora 850(52) Sensor FG LED Hota Mastercook Bora 850(52) Sensor FG LED este o solu\u021bie modern\u0103 pentru<\/p>\n","protected":false},"featured_media":10291,"comment_status":"open","ping_status":"closed","template":"","meta":[],"product_brand":[339],"product_cat":[664,665],"product_tag":[],"class_list":{"0":"post-11418","1":"product","2":"type-product","3":"status-publish","4":"has-post-thumbnail","6":"product_brand-mastercook","7":"product_cat-hote-de-bucatarie","8":"product_cat-hote-incorporabile","10":"first","11":"instock","12":"shipping-taxable","13":"purchasable","14":"product-type-variable"},"_links":{"self":[{"href":"https:\/\/mastercook.md\/ro\/wp-json\/wp\/v2\/product\/11418","targetHints":{"allow":["GET"]}}],"collection":[{"href":"https:\/\/mastercook.md\/ro\/wp-json\/wp\/v2\/product"}],"about":[{"href":"https:\/\/mastercook.md\/ro\/wp-json\/wp\/v2\/types\/product"}],"replies":[{"embeddable":true,"href":"https:\/\/mastercook.md\/ro\/wp-json\/wp\/v2\/comments?post=11418"}],"wp:featuredmedia":[{"embeddable":true,"href":"https:\/\/mastercook.md\/ro\/wp-json\/wp\/v2\/media\/10291"}],"wp:attachment":[{"href":"https:\/\/mastercook.md\/ro\/wp-json\/wp\/v2\/media?parent=11418"}],"wp:term":[{"taxonomy":"product_brand","embeddable":true,"href":"https:\/\/mastercook.md\/ro\/wp-json\/wp\/v2\/product_brand?post=11418"},{"taxonomy":"product_cat","embeddable":true,"href":"https:\/\/mastercook.md\/ro\/wp-json\/wp\/v2\/product_cat?post=11418"},{"taxonomy":"product_tag","embeddable":true,"href":"https:\/\/mastercook.md\/ro\/wp-json\/wp\/v2\/product_tag?post=11418"}],"curies":[{"name":"wp","href":"https:\/\/api.w.org\/{rel}","templated":true}]}}