{"id":11423,"date":"2025-03-06T12:18:36","date_gmt":"2025-03-06T12:18:36","guid":{"rendered":"https:\/\/mastercook.md\/?post_type=product&#038;p=11423"},"modified":"2026-01-14T14:38:06","modified_gmt":"2026-01-14T14:38:06","slug":"plita-incorporabila-combinata-mastercook-atria-mc-e-2311e-inox","status":"publish","type":"product","link":"https:\/\/mastercook.md\/ro\/produs\/plita-incorporabila-combinata-mastercook-atria-mc-e-2311e-inox\/","title":{"rendered":"Plit\u0103 \u00eencorporabil\u0103 combinat\u0103 MASTERCOOK ATRIA MC-E 2311E Inox"},"content":{"rendered":"<h2 data-start=\"0\" data-end=\"68\"><strong data-start=\"0\" data-end=\"66\">Plit\u0103 \u00eencorporabil\u0103 combinat\u0103 MASTERCOOK ATRIA MC-E 2311E Inox<\/strong><\/h2>\n<p data-start=\"70\" data-end=\"270\">Compactitate \u0219i versatilitate \u00eentr-un singur aparat! Plita combinat\u0103 <strong data-start=\"139\" data-end=\"175\">MASTERCOOK ATRIA MC-E 2311E Inox<\/strong> este solu\u021bia perfect\u0103 pentru buc\u0103t\u0103rii mici, case de vacan\u021b\u0103 sau zone suplimentare de g\u0103tit.<\/p>\n<p data-start=\"272\" data-end=\"911\">\ud83d\udd39 <strong data-start=\"275\" data-end=\"282\">Tip<\/strong>: combinat\u0103 (1 arz\u0103tor pe gaz + 1 arz\u0103tor electric)<br data-start=\"333\" data-end=\"336\" data-is-only-node=\"\" \/>\ud83d\udd39 <strong data-start=\"339\" data-end=\"349\">L\u0103\u021bime<\/strong>: 30 cm \u2013 dimensiuni compacte pentru o amplasare u\u0219oar\u0103<br data-start=\"404\" data-end=\"407\" \/>\ud83d\udd39 <strong data-start=\"410\" data-end=\"421\">Culoare<\/strong>: inox \u2013 material elegant \u0219i durabil, rezistent la zg\u00e2rieturi \u0219i murd\u0103rie<br data-start=\"494\" data-end=\"497\" \/>\ud83d\udd39 <strong data-start=\"500\" data-end=\"518\">Arz\u0103tor pe gaz<\/strong>: \u00eenc\u0103lzire rapid\u0103 \u0219i utilizare simpl\u0103<br data-start=\"556\" data-end=\"559\" \/>\ud83d\udd39 <strong data-start=\"562\" data-end=\"582\">Arz\u0103tor electric<\/strong>: temperatur\u0103 stabil\u0103 \u0219i \u00eenc\u0103lzire uniform\u0103<br data-start=\"625\" data-end=\"628\" \/>\ud83d\udd39 <strong data-start=\"631\" data-end=\"653\">Material suprafa\u021b\u0103<\/strong>: o\u021bel inoxidabil rezistent \u0219i u\u0219or de \u00eentre\u021binut<br data-start=\"702\" data-end=\"705\" \/>\ud83d\udd39 <strong data-start=\"708\" data-end=\"731\">Aprindere electric\u0103<\/strong>: aprindere automat\u0103 convenabil\u0103 pentru arz\u0103torul pe gaz<br data-start=\"787\" data-end=\"790\" \/>\ud83d\udd39 <strong data-start=\"793\" data-end=\"821\">Siguran\u021b\u0103 gaz (Gas Stop)<\/strong>: protec\u021bie sporit\u0103 \u2013 alimentarea cu gaz este oprit\u0103 automat \u00een cazul stingerii fl\u0103c\u0103rii<\/p>\n<p data-start=\"913\" data-end=\"1004\" data-is-last-node=\"\" data-is-only-node=\"\"><strong data-start=\"913\" data-end=\"949\">MASTERCOOK ATRIA MC-E 2311E Inox<\/strong> \u2013 o solu\u021bie fiabil\u0103 \u0219i practic\u0103 pentru g\u0103titul zilnic!<\/p>\n","protected":false},"excerpt":{"rendered":"<p>Plit\u0103 \u00eencorporabil\u0103 combinat\u0103 MASTERCOOK ATRIA MC-E 2311E Inox Compactitate \u0219i versatilitate \u00eentr-un singur aparat! Plita combinat\u0103 MASTERCOOK ATRIA MC-E 2311E<\/p>\n","protected":false},"featured_media":9784,"comment_status":"open","ping_status":"closed","template":"","meta":[],"product_brand":[339],"product_cat":[663,661],"product_tag":[],"class_list":{"0":"post-11423","1":"product","2":"type-product","3":"status-publish","4":"has-post-thumbnail","6":"product_brand-mastercook","7":"product_cat-combi","8":"product_cat-plite-incorporabila","10":"first","11":"instock","12":"shipping-taxable","13":"purchasable","14":"product-type-simple"},"_links":{"self":[{"href":"https:\/\/mastercook.md\/ro\/wp-json\/wp\/v2\/product\/11423","targetHints":{"allow":["GET"]}}],"collection":[{"href":"https:\/\/mastercook.md\/ro\/wp-json\/wp\/v2\/product"}],"about":[{"href":"https:\/\/mastercook.md\/ro\/wp-json\/wp\/v2\/types\/product"}],"replies":[{"embeddable":true,"href":"https:\/\/mastercook.md\/ro\/wp-json\/wp\/v2\/comments?post=11423"}],"wp:featuredmedia":[{"embeddable":true,"href":"https:\/\/mastercook.md\/ro\/wp-json\/wp\/v2\/media\/9784"}],"wp:attachment":[{"href":"https:\/\/mastercook.md\/ro\/wp-json\/wp\/v2\/media?parent=11423"}],"wp:term":[{"taxonomy":"product_brand","embeddable":true,"href":"https:\/\/mastercook.md\/ro\/wp-json\/wp\/v2\/product_brand?post=11423"},{"taxonomy":"product_cat","embeddable":true,"href":"https:\/\/mastercook.md\/ro\/wp-json\/wp\/v2\/product_cat?post=11423"},{"taxonomy":"product_tag","embeddable":true,"href":"https:\/\/mastercook.md\/ro\/wp-json\/wp\/v2\/product_tag?post=11423"}],"curies":[{"name":"wp","href":"https:\/\/api.w.org\/{rel}","templated":true}]}}