{"id":11464,"date":"2025-12-09T10:30:41","date_gmt":"2025-12-09T10:30:41","guid":{"rendered":"https:\/\/mastercook.md\/?post_type=product&#038;p=11464"},"modified":"2026-01-15T13:47:56","modified_gmt":"2026-01-15T13:47:56","slug":"hota-insulara-tornado-tube-island-120040-led","status":"publish","type":"product","link":"https:\/\/mastercook.md\/ro\/produs\/hota-insulara-tornado-tube-island-120040-led\/","title":{"rendered":"Hot\u0103 insular\u0103 Tornado TUBE ISLAND 1200(40) LED"},"content":{"rendered":"<h2 data-start=\"0\" data-end=\"102\"><strong data-start=\"0\" data-end=\"50\">Hot\u0103 insular\u0103 Tornado TUBE ISLAND 1200(40) LED<\/strong>, capacitate <strong data-start=\"63\" data-end=\"78\">1200 m\u00b3\/or\u0103<\/strong>, <strong data-start=\"80\" data-end=\"102\">4 trepte de vitez\u0103<\/strong><\/h2>\n<p data-start=\"104\" data-end=\"481\">Hota Tornado TUBE ISLAND 1200(40) LED este o hot\u0103 insular\u0103 \u00een form\u0103 de cilindru, cu diametrul de 40 cm \u0219i \u00een\u0103l\u021bime reglabil\u0103 de la 90 la 120 cm. Carcasa este vopsit\u0103 cu vopsea pulbere \u00een culoare neagr\u0103 sau alb\u0103, sau este realizat\u0103 din o\u021bel inoxidabil, iar \u00een combina\u021bie cu sticl\u0103 securizat\u0103 neagr\u0103 ofer\u0103 buc\u0103t\u0103riei un aspect modern \u0219i elegant.<\/p>\n<p data-start=\"483\" data-end=\"817\">Panoul de control tactil este amplasat pe sticl\u0103, iar \u00een pachet este inclus\u0103 \u0219i o telecomand\u0103 stilat\u0103. Motorul italian puternic, cu o capacitate de 1200 m\u00b3\/or\u0103, elimin\u0103 rapid mirosurile din \u00eenc\u0103pere. Motorul este suficient de silen\u021bios, cu un nivel maxim de zgomot de 68 dB. Clasa de eficien\u021b\u0103 energetic\u0103: B.<\/p>\n<p data-start=\"819\" data-end=\"1066\" data-is-last-node=\"\" data-is-only-node=\"\">Hota de buc\u0103t\u0103rie Tornado TUBE ISLAND 1200(40) LED este dotat\u0103 cu func\u021bii utile precum: temporizator de la 10 la 90 de minute, display, control tactil \u0219i 4 trepte de vitez\u0103.<br data-start=\"1015\" data-end=\"1018\" \/>\u021aara de produc\u021bie: Polonia. Garan\u021bie: 2 ani.<\/p>\n","protected":false},"excerpt":{"rendered":"<p>Hot\u0103 insular\u0103 Tornado TUBE ISLAND 1200(40) LED, capacitate 1200 m\u00b3\/or\u0103, 4 trepte de vitez\u0103 Hota Tornado TUBE ISLAND 1200(40) LED<\/p>\n","protected":false},"featured_media":10813,"comment_status":"open","ping_status":"closed","template":"","meta":[],"product_brand":[338],"product_cat":[664,670,705],"product_tag":[],"class_list":{"0":"post-11464","1":"product","2":"type-product","3":"status-publish","4":"has-post-thumbnail","6":"product_brand-tornado","7":"product_cat-hote-de-bucatarie","8":"product_cat-hote-insula","9":"product_cat-tornado","10":"pa_country-polonia","12":"first","13":"instock","14":"shipping-taxable","15":"purchasable","16":"product-type-variable"},"_links":{"self":[{"href":"https:\/\/mastercook.md\/ro\/wp-json\/wp\/v2\/product\/11464","targetHints":{"allow":["GET"]}}],"collection":[{"href":"https:\/\/mastercook.md\/ro\/wp-json\/wp\/v2\/product"}],"about":[{"href":"https:\/\/mastercook.md\/ro\/wp-json\/wp\/v2\/types\/product"}],"replies":[{"embeddable":true,"href":"https:\/\/mastercook.md\/ro\/wp-json\/wp\/v2\/comments?post=11464"}],"wp:featuredmedia":[{"embeddable":true,"href":"https:\/\/mastercook.md\/ro\/wp-json\/wp\/v2\/media\/10813"}],"wp:attachment":[{"href":"https:\/\/mastercook.md\/ro\/wp-json\/wp\/v2\/media?parent=11464"}],"wp:term":[{"taxonomy":"product_brand","embeddable":true,"href":"https:\/\/mastercook.md\/ro\/wp-json\/wp\/v2\/product_brand?post=11464"},{"taxonomy":"product_cat","embeddable":true,"href":"https:\/\/mastercook.md\/ro\/wp-json\/wp\/v2\/product_cat?post=11464"},{"taxonomy":"product_tag","embeddable":true,"href":"https:\/\/mastercook.md\/ro\/wp-json\/wp\/v2\/product_tag?post=11464"}],"curies":[{"name":"wp","href":"https:\/\/api.w.org\/{rel}","templated":true}]}}