{"id":11516,"date":"2026-01-15T14:09:51","date_gmt":"2026-01-15T14:09:51","guid":{"rendered":"https:\/\/mastercook.md\/?post_type=product&#038;p=11516"},"modified":"2026-01-15T14:16:29","modified_gmt":"2026-01-15T14:16:29","slug":"hota-telescopice-mastercook-storm-70050","status":"publish","type":"product","link":"https:\/\/mastercook.md\/ro\/produs\/hota-telescopice-mastercook-storm-70050\/","title":{"rendered":"Hota telescopice Mastercook Storm 700(50) LED, latime 50 cm"},"content":{"rendered":"<h2><strong>Hota telescopice Mastercook STORM 700(50) LED<br \/>\n<\/strong><\/h2>\n<p>Hota telescopic\u0103\u00a0 STORM 700 (50) LED cu l\u0103\u021bimea corpului de 50 cm \u0219i o capacitate a turbinei de 700 m3\/or\u0103. Acest model este potrivit pentru instalarea \u00eentr-un dulap de buc\u0103t\u0103rie cu o l\u0103\u021bime de 50 cm \u0219i va fi eficient \u0219i \u00een \u00eenc\u0103peri cu o suprafa\u021b\u0103 de p\u00e2n\u0103 la 20 mp.m.<\/p>\n<h3><strong>Alte caracteristici ale modelului:<\/strong><\/h3>\n<p>Ca \u0219i alte telescoape de la Mastercook, Modelul\u00a0 STORM 700(50) LED are un set simplu \u0219i standard de caracteristici:<\/p>\n<ul>\n<li>Corpul metalic este vopsit cu vopsea pulbere, care este rezistent\u0103 la influen\u021bele ultraviolete \u0219i mecanice;<\/li>\n<li>Carcasa hotei poate fi realizat\u0103 din o\u021bel inoxidabil de calitate alimentar\u0103 sau metal vopsit;<\/li>\n<li>Modelul se potrive\u0219te unei noptiere suspendate standard cu l\u0103\u021bimea de 60 cm;<\/li>\n<li>Inima hotei este o turbin\u0103 puternic\u0103, eficient\u0103 \u0219i economic\u0103, cu dou\u0103 rotoare axiale;<\/li>\n<li>3 viteze de rota\u021bie a turbinei;<\/li>\n<li>Posibilitatea de a alege un mod adecvat de purificare a aerului \u2013 ie\u0219ire \u00een afara buc\u0103t\u0103riei sau recirculare (cur\u0103\u021bare cu filtre de carbon \u00eenlocuibile);<\/li>\n<li>Iluminare LED modern\u0103 \u2013 2 l\u0103mpi luminoase \u0219i economice de 1,5 Wt fiecare;<\/li>\n<li>Modelul folose\u0219te un filtru de captare a gr\u0103similor din aluminiu cu cinci straturi;<\/li>\n<li>\u021aara de origine-Ucraina;<\/li>\n<li>Garan\u021bia este de 2 ani.<\/li>\n<\/ul>\n<p>Hotele telescopice LED STORM 700 (50) sunt echipate cu o supap\u0103 de re\u021binere c\u00e2t mai aproape de func\u021bionare (lipse\u0219te doar ondularea) \u2013 dou\u0103 filtre de aluminiu, elemente de fixare, o supap\u0103 de re\u021binere, documenta\u021bie.<\/p>\n","protected":false},"excerpt":{"rendered":"<p>Hota telescopice Mastercook STORM 700(50) LED Hota telescopic\u0103\u00a0 STORM 700 (50) LED cu l\u0103\u021bimea corpului de 50 cm \u0219i o<\/p>\n","protected":false},"featured_media":10881,"comment_status":"open","ping_status":"closed","template":"","meta":[],"product_brand":[339],"product_cat":[664,671,704],"product_tag":[],"class_list":{"0":"post-11516","1":"product","2":"type-product","3":"status-publish","4":"has-post-thumbnail","6":"product_brand-mastercook","7":"product_cat-hote-de-bucatarie","8":"product_cat-hote-telescopice","9":"product_cat-mastercook","11":"first","12":"instock","13":"shipping-taxable","14":"purchasable","15":"product-type-variable"},"_links":{"self":[{"href":"https:\/\/mastercook.md\/ro\/wp-json\/wp\/v2\/product\/11516","targetHints":{"allow":["GET"]}}],"collection":[{"href":"https:\/\/mastercook.md\/ro\/wp-json\/wp\/v2\/product"}],"about":[{"href":"https:\/\/mastercook.md\/ro\/wp-json\/wp\/v2\/types\/product"}],"replies":[{"embeddable":true,"href":"https:\/\/mastercook.md\/ro\/wp-json\/wp\/v2\/comments?post=11516"}],"wp:featuredmedia":[{"embeddable":true,"href":"https:\/\/mastercook.md\/ro\/wp-json\/wp\/v2\/media\/10881"}],"wp:attachment":[{"href":"https:\/\/mastercook.md\/ro\/wp-json\/wp\/v2\/media?parent=11516"}],"wp:term":[{"taxonomy":"product_brand","embeddable":true,"href":"https:\/\/mastercook.md\/ro\/wp-json\/wp\/v2\/product_brand?post=11516"},{"taxonomy":"product_cat","embeddable":true,"href":"https:\/\/mastercook.md\/ro\/wp-json\/wp\/v2\/product_cat?post=11516"},{"taxonomy":"product_tag","embeddable":true,"href":"https:\/\/mastercook.md\/ro\/wp-json\/wp\/v2\/product_tag?post=11516"}],"curies":[{"name":"wp","href":"https:\/\/api.w.org\/{rel}","templated":true}]}}