{"id":11552,"date":"2025-12-09T10:30:23","date_gmt":"2025-12-09T10:30:23","guid":{"rendered":"https:\/\/mastercook.md\/?post_type=product&#038;p=11552"},"modified":"2026-01-15T15:07:19","modified_gmt":"2026-01-15T15:07:19","slug":"hota-telescopica-tornado-modul-touch-free-120060-bl-led","status":"publish","type":"product","link":"https:\/\/mastercook.md\/ro\/produs\/hota-telescopica-tornado-modul-touch-free-120060-bl-led\/","title":{"rendered":"Hot\u0103 telescopic\u0103 Tornado MODUL TOUCH FREE 1200(60) BL LED"},"content":{"rendered":"<h2 data-start=\"0\" data-end=\"83\"><strong data-start=\"0\" data-end=\"61\">Hot\u0103 telescopic\u0103 Tornado MODUL TOUCH FREE 1200(60) BL LED<\/strong>, control prin gesturi<\/h2>\n<p data-start=\"85\" data-end=\"401\">Hota Tornado MODUL TOUCH FREE 1200(60) BL LED se integreaz\u0103 complet \u00eentr-un corp de mobilier cu l\u0103\u021bimea de 60 cm. Particularitatea acestui model const\u0103 \u00een faptul c\u0103 toate func\u021biile hotei pot fi controlate prin gesturi, iar \u00een pachet este inclus\u0103 \u0219i o telecomand\u0103 ergonomic\u0103 \u0219i pl\u0103cut\u0103 la utilizare.<\/p>\n<p data-start=\"403\" data-end=\"726\">Motorul hotei este de produc\u021bie italian\u0103, cu o capacitate de 1200 m\u00b3\/or\u0103. Carcasa este realizat\u0103 din tabl\u0103 metalic\u0103, vopsit\u0103 cu vopsea polimeric\u0103. Fa\u021bada hotei este acoperit\u0103 complet cu sticl\u0103 securizat\u0103 neagr\u0103, ceea ce faciliteaz\u0103 cur\u0103\u021barea de gr\u0103simi \u0219i ofer\u0103 buc\u0103t\u0103riei un aspect modern \u0219i elegant.<\/p>\n<p data-start=\"728\" data-end=\"891\" data-is-last-node=\"\" data-is-only-node=\"\">Pe lateralele modelului sunt amplasate dou\u0103 l\u0103mpi LED, care ilumineaz\u0103 eficient suprafa\u021ba de lucru a plitei.<br data-start=\"840\" data-end=\"843\" \/>\u021aara de produc\u021bie: Polonia. Garan\u021bie: 2 ani.<\/p>\n","protected":false},"excerpt":{"rendered":"<p>Hot\u0103 telescopic\u0103 Tornado MODUL TOUCH FREE 1200(60) BL LED, control prin gesturi Hota Tornado MODUL TOUCH FREE 1200(60) BL LED<\/p>\n","protected":false},"featured_media":10745,"comment_status":"open","ping_status":"closed","template":"","meta":[],"product_brand":[338],"product_cat":[665,705],"product_tag":[],"class_list":{"0":"post-11552","1":"product","2":"type-product","3":"status-publish","4":"has-post-thumbnail","6":"product_brand-tornado","7":"product_cat-hote-incorporabile","8":"product_cat-tornado","9":"pa_country-polonia","11":"first","12":"instock","13":"shipping-taxable","14":"purchasable","15":"product-type-simple"},"_links":{"self":[{"href":"https:\/\/mastercook.md\/ro\/wp-json\/wp\/v2\/product\/11552","targetHints":{"allow":["GET"]}}],"collection":[{"href":"https:\/\/mastercook.md\/ro\/wp-json\/wp\/v2\/product"}],"about":[{"href":"https:\/\/mastercook.md\/ro\/wp-json\/wp\/v2\/types\/product"}],"replies":[{"embeddable":true,"href":"https:\/\/mastercook.md\/ro\/wp-json\/wp\/v2\/comments?post=11552"}],"wp:featuredmedia":[{"embeddable":true,"href":"https:\/\/mastercook.md\/ro\/wp-json\/wp\/v2\/media\/10745"}],"wp:attachment":[{"href":"https:\/\/mastercook.md\/ro\/wp-json\/wp\/v2\/media?parent=11552"}],"wp:term":[{"taxonomy":"product_brand","embeddable":true,"href":"https:\/\/mastercook.md\/ro\/wp-json\/wp\/v2\/product_brand?post=11552"},{"taxonomy":"product_cat","embeddable":true,"href":"https:\/\/mastercook.md\/ro\/wp-json\/wp\/v2\/product_cat?post=11552"},{"taxonomy":"product_tag","embeddable":true,"href":"https:\/\/mastercook.md\/ro\/wp-json\/wp\/v2\/product_tag?post=11552"}],"curies":[{"name":"wp","href":"https:\/\/api.w.org\/{rel}","templated":true}]}}