{"id":11568,"date":"2026-01-15T15:27:29","date_gmt":"2026-01-15T15:27:29","guid":{"rendered":"https:\/\/mastercook.md\/?post_type=product&#038;p=11568"},"modified":"2026-01-15T15:48:05","modified_gmt":"2026-01-15T15:48:05","slug":"hota-incorporabila-mastercook-modul-96052-led","status":"publish","type":"product","link":"https:\/\/mastercook.md\/ro\/produs\/hota-incorporabila-mastercook-modul-96052-led\/","title":{"rendered":"Hot\u0103 \u00eencorporabil\u0103 Mastercook MODUL 960(52) LED"},"content":{"rendered":"<h2 data-start=\"0\" data-end=\"51\"><strong data-start=\"0\" data-end=\"51\">Hot\u0103 \u00eencorporabil\u0103 Mastercook MODUL 960(52) LED<\/strong><\/h2>\n<p data-start=\"53\" data-end=\"289\">Hota \u00eencorporabil\u0103 Mastercook MODUL 960(52) LED se integreaz\u0103 complet \u00eentr-un corp de mobilier cu l\u0103\u021bimea de 60 cm. Turbina puternic\u0103, cu o capacitate de 960 m\u00b3\/or\u0103, elimin\u0103 eficient aburii \u0219i mirosurile din buc\u0103t\u0103rie.<\/p>\n<p data-start=\"291\" data-end=\"560\">Carcasa este realizat\u0103 din tabl\u0103 metalic\u0103, vopsit\u0103 cu vopsea polimeric\u0103, iar fa\u021bada hotei este confec\u021bionat\u0103 din o\u021bel inoxidabil. Pe lateralele modelului sunt amplasate dou\u0103 l\u0103mpi LED, care asigur\u0103 o iluminare puternic\u0103 a suprafe\u021bei de lucru a plitei.<\/p>\n<p data-start=\"562\" data-end=\"685\">Panoul este prev\u0103zut cu comenzi simple tip butoane. Diametrul racordului pentru evacuarea aerului este de 150 mm.<\/p>\n<p data-start=\"687\" data-end=\"735\" data-is-last-node=\"\" data-is-only-node=\"\">\u021aara de produc\u021bie: Ucraina. Garan\u021bie: 2 ani.<\/p>\n","protected":false},"excerpt":{"rendered":"<p>Hot\u0103 \u00eencorporabil\u0103 Mastercook MODUL 960(52) LED Hota \u00eencorporabil\u0103 Mastercook MODUL 960(52) LED se integreaz\u0103 complet \u00eentr-un corp de mobilier cu<\/p>\n","protected":false},"featured_media":11573,"comment_status":"open","ping_status":"closed","template":"","meta":[],"product_brand":[339],"product_cat":[665,705],"product_tag":[],"class_list":{"0":"post-11568","1":"product","2":"type-product","3":"status-publish","4":"has-post-thumbnail","6":"product_brand-mastercook","7":"product_cat-hote-incorporabile","8":"product_cat-tornado","9":"pa_country-ukraina","11":"first","12":"instock","13":"shipping-taxable","14":"purchasable","15":"product-type-simple"},"_links":{"self":[{"href":"https:\/\/mastercook.md\/ro\/wp-json\/wp\/v2\/product\/11568","targetHints":{"allow":["GET"]}}],"collection":[{"href":"https:\/\/mastercook.md\/ro\/wp-json\/wp\/v2\/product"}],"about":[{"href":"https:\/\/mastercook.md\/ro\/wp-json\/wp\/v2\/types\/product"}],"replies":[{"embeddable":true,"href":"https:\/\/mastercook.md\/ro\/wp-json\/wp\/v2\/comments?post=11568"}],"wp:featuredmedia":[{"embeddable":true,"href":"https:\/\/mastercook.md\/ro\/wp-json\/wp\/v2\/media\/11573"}],"wp:attachment":[{"href":"https:\/\/mastercook.md\/ro\/wp-json\/wp\/v2\/media?parent=11568"}],"wp:term":[{"taxonomy":"product_brand","embeddable":true,"href":"https:\/\/mastercook.md\/ro\/wp-json\/wp\/v2\/product_brand?post=11568"},{"taxonomy":"product_cat","embeddable":true,"href":"https:\/\/mastercook.md\/ro\/wp-json\/wp\/v2\/product_cat?post=11568"},{"taxonomy":"product_tag","embeddable":true,"href":"https:\/\/mastercook.md\/ro\/wp-json\/wp\/v2\/product_tag?post=11568"}],"curies":[{"name":"wp","href":"https:\/\/api.w.org\/{rel}","templated":true}]}}