{"id":11615,"date":"2026-01-27T13:07:48","date_gmt":"2026-01-27T13:07:48","guid":{"rendered":"https:\/\/mastercook.md\/?post_type=product&#038;p=11615"},"modified":"2026-01-27T13:58:49","modified_gmt":"2026-01-27T13:58:49","slug":"hota-de-bucatarie-plata-clasica-tornado-bona-1050-led","status":"publish","type":"product","link":"https:\/\/mastercook.md\/ro\/produs\/hota-de-bucatarie-plata-clasica-tornado-bona-1050-led\/","title":{"rendered":"Hot\u0103 de buc\u0103t\u0103rie plat\u0103 clasic\u0103 Tornado BONA 10(50) LED, l\u0103\u021bime 50 cm, capacitate 380 m\u00b3\/or\u0103"},"content":{"rendered":"<h2 data-start=\"0\" data-end=\"96\">Hot\u0103 de buc\u0103t\u0103rie plat\u0103 clasic\u0103 Tornado BONA 10(50) LED, l\u0103\u021bime 50 cm, capacitate 380 m\u00b3\/or\u0103<\/h2>\n<p data-start=\"98\" data-end=\"356\">Hota de buc\u0103t\u0103rie <strong data-start=\"116\" data-end=\"143\">Tornado BONA 10(50) LED<\/strong> este o solu\u021bie practic\u0103 \u0219i accesibil\u0103 pentru buc\u0103t\u0103riile moderne. Modelul este realizat \u00eentr-o form\u0103 clasic\u0103, plat\u0103, cu carcas\u0103 metalic\u0103 vopsit\u0103 \u00een <strong data-start=\"292\" data-end=\"317\">alb, bej, negru, maro<\/strong> sau realizat\u0103 din <strong data-start=\"336\" data-end=\"355\">o\u021bel inoxidabil<\/strong>.<\/p>\n<p data-start=\"358\" data-end=\"671\">Hota este echipat\u0103 cu <strong data-start=\"380\" data-end=\"397\">un ventilator<\/strong> cu o capacitate de <strong data-start=\"417\" data-end=\"431\">380 m\u00b3\/or\u0103<\/strong>, asigur\u00e2nd o evacuare eficient\u0103 a mirosurilor, aburului \u0219i gr\u0103similor, f\u0103r\u0103 a crea disconfort \u00een timpul g\u0103titului. Forma compact\u0103 \u0219i l\u0103\u021bimea de <strong data-start=\"576\" data-end=\"585\">50 cm<\/strong> fac acest model potrivit pentru buc\u0103t\u0103rii cu suprafa\u021ba cuprins\u0103 \u00eentre <strong data-start=\"656\" data-end=\"670\">8 \u0219i 12 m\u00b2<\/strong>.<\/p>\n<p data-start=\"673\" data-end=\"863\">Principalul avantaj al hotei <strong data-start=\"702\" data-end=\"718\">Tornado BONA<\/strong> este combina\u021bia optim\u0103 \u00eentre <strong data-start=\"748\" data-end=\"779\">pre\u021b, calitate \u0219i eficien\u021b\u0103<\/strong>, ceea ce o transform\u0103 \u00eentr-una dintre cele mai avantajoase modele din categoria sa.<\/p>\n<hr data-start=\"865\" data-end=\"868\" \/>\n<h3 data-start=\"870\" data-end=\"912\">Caracteristici \u0219i avantaje principale:<\/h3>\n<ul data-start=\"914\" data-end=\"1670\">\n<li data-start=\"914\" data-end=\"976\">\n<p data-start=\"916\" data-end=\"976\">Model clasic, plat \u2013 potrivit pentru orice interior modern<\/p>\n<\/li>\n<li data-start=\"977\" data-end=\"1072\">\n<p data-start=\"979\" data-end=\"1072\">Carcas\u0103 metalic\u0103 vopsit\u0103 cu vopsea pulbere, rezistent\u0103 la raze UV \u0219i la solicit\u0103ri mecanice<\/p>\n<\/li>\n<li data-start=\"1073\" data-end=\"1105\">\n<p data-start=\"1075\" data-end=\"1105\">L\u0103\u021bimea carcasei \u2013 <strong data-start=\"1094\" data-end=\"1103\">50 cm<\/strong><\/p>\n<\/li>\n<li data-start=\"1106\" data-end=\"1153\">\n<p data-start=\"1108\" data-end=\"1153\">Comand\u0103 <strong data-start=\"1116\" data-end=\"1130\">cu butoane<\/strong>, simpl\u0103 \u0219i intuitiv\u0103<\/p>\n<\/li>\n<li data-start=\"1154\" data-end=\"1215\">\n<p data-start=\"1156\" data-end=\"1215\"><strong data-start=\"1156\" data-end=\"1169\">2 motoare<\/strong> de tip ventilator, silen\u021bioase \u0219i economice<\/p>\n<\/li>\n<li data-start=\"1216\" data-end=\"1260\">\n<p data-start=\"1218\" data-end=\"1260\">Capacitate de absorb\u021bie \u2013 <strong data-start=\"1244\" data-end=\"1258\">380 m\u00b3\/or\u0103<\/strong><\/p>\n<\/li>\n<li data-start=\"1261\" data-end=\"1303\">\n<p data-start=\"1263\" data-end=\"1303\">Nivel redus de zgomot \u2013 doar <strong data-start=\"1292\" data-end=\"1301\">56 dB<\/strong><\/p>\n<\/li>\n<li data-start=\"1304\" data-end=\"1344\">\n<p data-start=\"1306\" data-end=\"1344\"><strong data-start=\"1306\" data-end=\"1318\">3 trepte<\/strong> de vitez\u0103 ale motorului<\/p>\n<\/li>\n<li data-start=\"1345\" data-end=\"1510\">\n<p data-start=\"1347\" data-end=\"1395\">Posibilitatea alegerii modului de func\u021bionare:<\/p>\n<ul data-start=\"1398\" data-end=\"1510\">\n<li data-start=\"1398\" data-end=\"1432\">\n<p data-start=\"1400\" data-end=\"1432\">evacuare a aerului \u00een exterior<\/p>\n<\/li>\n<li data-start=\"1435\" data-end=\"1510\">\n<p data-start=\"1437\" data-end=\"1510\">recirculare cu ajutorul filtrelor de carbon (se achizi\u021bioneaz\u0103 separat)<\/p>\n<\/li>\n<\/ul>\n<\/li>\n<li data-start=\"1511\" data-end=\"1593\">\n<p data-start=\"1513\" data-end=\"1593\">Iluminare LED modern\u0103 \u2013 <strong data-start=\"1537\" data-end=\"1557\">2 l\u0103mpi de 1,5 W<\/strong>, eficiente energetic \u0219i luminoase<\/p>\n<\/li>\n<li data-start=\"1594\" data-end=\"1647\">\n<p data-start=\"1596\" data-end=\"1647\">Filtru de gr\u0103sime din aluminiu, <strong data-start=\"1628\" data-end=\"1645\">\u00een 5 straturi<\/strong><\/p>\n<\/li>\n<li data-start=\"1648\" data-end=\"1670\">\n<p data-start=\"1650\" data-end=\"1670\">Garan\u021bie \u2013 <strong data-start=\"1661\" data-end=\"1670\">2 ani<\/strong><\/p>\n<\/li>\n<\/ul>\n","protected":false},"excerpt":{"rendered":"<p>Hot\u0103 de buc\u0103t\u0103rie plat\u0103 clasic\u0103 Tornado BONA 10(50) LED, l\u0103\u021bime 50 cm, capacitate 380 m\u00b3\/or\u0103 Hota de buc\u0103t\u0103rie Tornado BONA<\/p>\n","protected":false},"featured_media":10563,"comment_status":"open","ping_status":"closed","template":"","meta":[],"product_brand":[338],"product_cat":[664,668],"product_tag":[],"class_list":{"0":"post-11615","1":"product","2":"type-product","3":"status-publish","4":"has-post-thumbnail","6":"product_brand-tornado","7":"product_cat-hote-de-bucatarie","8":"product_cat-hote-traditionale-2","10":"first","11":"instock","12":"shipping-taxable","13":"purchasable","14":"product-type-variable"},"_links":{"self":[{"href":"https:\/\/mastercook.md\/ro\/wp-json\/wp\/v2\/product\/11615","targetHints":{"allow":["GET"]}}],"collection":[{"href":"https:\/\/mastercook.md\/ro\/wp-json\/wp\/v2\/product"}],"about":[{"href":"https:\/\/mastercook.md\/ro\/wp-json\/wp\/v2\/types\/product"}],"replies":[{"embeddable":true,"href":"https:\/\/mastercook.md\/ro\/wp-json\/wp\/v2\/comments?post=11615"}],"wp:featuredmedia":[{"embeddable":true,"href":"https:\/\/mastercook.md\/ro\/wp-json\/wp\/v2\/media\/10563"}],"wp:attachment":[{"href":"https:\/\/mastercook.md\/ro\/wp-json\/wp\/v2\/media?parent=11615"}],"wp:term":[{"taxonomy":"product_brand","embeddable":true,"href":"https:\/\/mastercook.md\/ro\/wp-json\/wp\/v2\/product_brand?post=11615"},{"taxonomy":"product_cat","embeddable":true,"href":"https:\/\/mastercook.md\/ro\/wp-json\/wp\/v2\/product_cat?post=11615"},{"taxonomy":"product_tag","embeddable":true,"href":"https:\/\/mastercook.md\/ro\/wp-json\/wp\/v2\/product_tag?post=11615"}],"curies":[{"name":"wp","href":"https:\/\/api.w.org\/{rel}","templated":true}]}}