{"id":11669,"date":"2026-01-27T14:32:20","date_gmt":"2026-01-27T14:32:20","guid":{"rendered":"https:\/\/mastercook.md\/?post_type=product&#038;p=11669"},"modified":"2026-01-27T14:46:14","modified_gmt":"2026-01-27T14:46:14","slug":"hota-telescopica-tornado-sondo-70060-fg-led","status":"publish","type":"product","link":"https:\/\/mastercook.md\/ro\/produs\/hota-telescopica-tornado-sondo-70060-fg-led\/","title":{"rendered":"Hot\u0103 telescopic\u0103 Tornado SONDO 700(60) FG LED"},"content":{"rendered":"<div class=\"flex flex-col text-sm pb-25\">\n<article class=\"text-token-text-primary w-full focus:outline-none [--shadow-height:45px] has-data-writing-block:pointer-events-none has-data-writing-block:-mt-(--shadow-height) has-data-writing-block:pt-(--shadow-height) [&amp;:has([data-writing-block])&gt;*]:pointer-events-auto scroll-mt-[calc(var(--header-height)+min(200px,max(70px,20svh)))]\" dir=\"auto\" tabindex=\"-1\" data-turn-id=\"request-6978a7bb-e168-832a-be37-ce8c9ba0d81e-2\" data-testid=\"conversation-turn-24\" data-scroll-anchor=\"true\" data-turn=\"assistant\">\n<div class=\"text-base my-auto mx-auto pb-10 [--thread-content-margin:--spacing(4)] @w-sm\/main:[--thread-content-margin:--spacing(6)] @w-lg\/main:[--thread-content-margin:--spacing(16)] px-(--thread-content-margin)\" data-cqc-6097a350=\"c18 c27 c52 c61 c84 c93\" data-cqs-6097a350=\"c18 c27 c52 c61 c84 c93\">\n<div class=\"[--thread-content-max-width:40rem] @w-lg\/main:[--thread-content-max-width:48rem] mx-auto max-w-(--thread-content-max-width) flex-1 group\/turn-messages focus-visible:outline-hidden relative flex w-full min-w-0 flex-col agent-turn\" tabindex=\"-1\" data-cqc-6097a350=\"c27 c61 c93\" data-cqs-6097a350=\"c27 c61 c93\">\n<div class=\"flex max-w-full flex-col grow\">\n<div class=\"min-h-8 text-message relative flex w-full flex-col items-end gap-2 text-start break-words whitespace-normal [.text-message+&amp;]:mt-1\" dir=\"auto\" data-message-author-role=\"assistant\" data-message-id=\"66ef11e4-9b33-4a2e-a861-9dc898db9405\" data-message-model-slug=\"gpt-5-2\">\n<div class=\"flex w-full flex-col gap-1 empty:hidden first:pt-[1px]\">\n<div class=\"markdown prose dark:prose-invert w-full wrap-break-word light markdown-new-styling\">\n<h2 data-start=\"0\" data-end=\"49\">Hot\u0103 telescopic\u0103 Tornado SONDO 700(60) FG LED<\/h2>\n<p data-start=\"51\" data-end=\"467\">Hota de buc\u0103t\u0103rie telescopic\u0103 <strong data-start=\"81\" data-end=\"113\">Tornado SONDO 700(60) FG LED<\/strong> este o solu\u021bie modern\u0103, eficient\u0103 \u0219i accesibil\u0103 pentru buc\u0103t\u0103riile contemporane. Carcasa este realizat\u0103 din metal \u0219i vopsit\u0103 cu <strong data-start=\"242\" data-end=\"260\">vopsea pulbere<\/strong> \u00een culoarea <strong data-start=\"273\" data-end=\"295\">negru, bej sau alb<\/strong>, iar pe fa\u021bada hotei este montat\u0103 o <strong data-start=\"332\" data-end=\"392\">sticl\u0103 decorativ\u0103 \u00een culoarea carcasei, cu muchii te\u0219ite<\/strong>, care ofer\u0103 un aspect elegant \u0219i u\u0219or de integrat \u00een interioarele moderne.<\/p>\n<p data-start=\"469\" data-end=\"829\">Cu o capacitate de absorb\u021bie de <strong data-start=\"501\" data-end=\"515\">700 m\u00b3\/or\u0103<\/strong> \u0219i o l\u0103\u021bime a carcasei de <strong data-start=\"542\" data-end=\"551\">60 cm<\/strong>, hota asigur\u0103 o eliminare eficient\u0103 a mirosurilor \u0219i fumului provenite de la plit\u0103. Panoul telescopic se extinde aproape pe \u00eentreaga ad\u00e2ncime a suprafe\u021bei de g\u0103tit, sporind eficien\u021ba absorb\u021biei. Datorit\u0103 montajului complet \u00eencorporabil \u00een dulap, hota r\u0103m\u00e2ne aproape invizibil\u0103.<\/p>\n<p data-start=\"831\" data-end=\"1088\">Principalul avantaj al modelului <strong data-start=\"864\" data-end=\"885\">Tornado SONDO 700<\/strong> este <strong data-start=\"891\" data-end=\"911\">pre\u021bul accesibil<\/strong>, care ofer\u0103 un echilibru optim \u00eentre calitate, eficien\u021b\u0103 \u0219i func\u021bionalitate. Capacitatea de <strong data-start=\"1004\" data-end=\"1018\">700 m\u00b3\/or\u0103<\/strong> este suficient\u0103 pentru buc\u0103t\u0103rii cu o suprafa\u021b\u0103 de p\u00e2n\u0103 la <strong data-start=\"1078\" data-end=\"1087\">18 m\u00b2<\/strong>.<\/p>\n<hr data-start=\"1090\" data-end=\"1093\" \/>\n<h3 data-start=\"1095\" data-end=\"1126\">Caracteristici \u0219i avantaje:<\/h3>\n<ul data-start=\"1128\" data-end=\"1882\">\n<li data-start=\"1128\" data-end=\"1194\">\n<p data-start=\"1130\" data-end=\"1194\">Model telescopic clasic, potrivit pentru orice interior modern<\/p>\n<\/li>\n<li data-start=\"1195\" data-end=\"1241\">\n<p data-start=\"1197\" data-end=\"1241\">Carcas\u0103 metalic\u0103 vopsit\u0103 cu vopsea pulbere<\/p>\n<\/li>\n<li data-start=\"1242\" data-end=\"1274\">\n<p data-start=\"1244\" data-end=\"1274\">L\u0103\u021bimea carcasei \u2013 <strong data-start=\"1263\" data-end=\"1272\">60 cm<\/strong><\/p>\n<\/li>\n<li data-start=\"1275\" data-end=\"1367\">\n<p data-start=\"1277\" data-end=\"1367\">Panou frontal din sticl\u0103 neagr\u0103 cu muchii te\u0219ite \u2013 aspect atractiv \u0219i \u00eentre\u021binere u\u0219oar\u0103<\/p>\n<\/li>\n<li data-start=\"1368\" data-end=\"1414\">\n<p data-start=\"1370\" data-end=\"1414\">Comand\u0103 <strong data-start=\"1378\" data-end=\"1392\">cu butoane<\/strong>, simpl\u0103 \u0219i practic\u0103<\/p>\n<\/li>\n<li data-start=\"1415\" data-end=\"1485\">\n<p data-start=\"1417\" data-end=\"1485\">Turbin\u0103 axial\u0103 cu <strong data-start=\"1435\" data-end=\"1456\">dou\u0103 ventilatoare<\/strong>, capacitate <strong data-start=\"1469\" data-end=\"1483\">700 m\u00b3\/or\u0103<\/strong><\/p>\n<\/li>\n<li data-start=\"1486\" data-end=\"1528\">\n<p data-start=\"1488\" data-end=\"1528\">Nivel redus de zgomot \u2013 doar <strong data-start=\"1517\" data-end=\"1526\">62 dB<\/strong><\/p>\n<\/li>\n<li data-start=\"1529\" data-end=\"1569\">\n<p data-start=\"1531\" data-end=\"1569\"><strong data-start=\"1531\" data-end=\"1543\">2 trepte<\/strong> de vitez\u0103 ale motorului<\/p>\n<\/li>\n<li data-start=\"1570\" data-end=\"1735\">\n<p data-start=\"1572\" data-end=\"1620\">Posibilitatea alegerii modului de func\u021bionare:<\/p>\n<ul data-start=\"1623\" data-end=\"1735\">\n<li data-start=\"1623\" data-end=\"1657\">\n<p data-start=\"1625\" data-end=\"1657\">evacuare a aerului \u00een exterior<\/p>\n<\/li>\n<li data-start=\"1660\" data-end=\"1735\">\n<p data-start=\"1662\" data-end=\"1735\">recirculare cu ajutorul filtrelor de carbon (se achizi\u021bioneaz\u0103 separat)<\/p>\n<\/li>\n<\/ul>\n<\/li>\n<li data-start=\"1736\" data-end=\"1805\">\n<p data-start=\"1738\" data-end=\"1805\">Iluminare LED modern\u0103 \u2013 <strong data-start=\"1762\" data-end=\"1782\">2 l\u0103mpi de 1,5 W<\/strong>, eficiente energetic<\/p>\n<\/li>\n<li data-start=\"1806\" data-end=\"1859\">\n<p data-start=\"1808\" data-end=\"1859\">Filtru de gr\u0103sime din aluminiu, <strong data-start=\"1840\" data-end=\"1857\">\u00een 5 straturi<\/strong><\/p>\n<\/li>\n<li data-start=\"1860\" data-end=\"1882\">\n<p data-start=\"1862\" data-end=\"1882\">Garan\u021bie \u2013 <strong data-start=\"1873\" data-end=\"1882\">2 ani<\/strong><\/p>\n<\/li>\n<\/ul>\n<hr data-start=\"1884\" data-end=\"1887\" \/>\n<h3 data-start=\"1889\" data-end=\"1910\">Pachetul include:<\/h3>\n<p data-start=\"1911\" data-end=\"1977\">Hota telescopic\u0103 <strong data-start=\"1928\" data-end=\"1960\">Tornado SONDO 700(60) FG LED<\/strong> este livrat\u0103 cu:<\/p>\n<ul data-start=\"1978\" data-end=\"2082\">\n<li data-start=\"1978\" data-end=\"1999\">\n<p data-start=\"1980\" data-end=\"1999\">clapet\u0103 antiretur<\/p>\n<\/li>\n<li data-start=\"2000\" data-end=\"2034\">\n<p data-start=\"2002\" data-end=\"2034\">filtru de gr\u0103sime din aluminiu<\/p>\n<\/li>\n<li data-start=\"2035\" data-end=\"2057\">\n<p data-start=\"2037\" data-end=\"2057\">elemente de fixare<\/p>\n<\/li>\n<li data-start=\"2058\" data-end=\"2082\">\n<p data-start=\"2060\" data-end=\"2082\">documenta\u021bie tehnic\u0103<\/p>\n<\/li>\n<\/ul>\n<p data-start=\"2084\" data-end=\"2102\">Dac\u0103 vrei, pot s\u0103:<\/p>\n<ul data-start=\"2103\" data-end=\"2230\" data-is-last-node=\"\" data-is-only-node=\"\">\n<li data-start=\"2103\" data-end=\"2139\">\n<p data-start=\"2105\" data-end=\"2139\">scurtez textul pentru <strong data-start=\"2127\" data-end=\"2138\">list\u0103ri<\/strong>,<\/p>\n<\/li>\n<li data-start=\"2140\" data-end=\"2168\">\n<p data-start=\"2142\" data-end=\"2168\">\u00eel adaptez pentru <strong data-start=\"2160\" data-end=\"2167\">SEO<\/strong>,<\/p>\n<\/li>\n<li data-start=\"2169\" data-end=\"2230\" data-is-last-node=\"\">\n<p data-start=\"2171\" data-end=\"2230\" data-is-last-node=\"\">sau s\u0103-l aliniez cu stilul descrierilor de pe <strong data-start=\"2217\" data-end=\"2229\">iason.md<\/strong>.<\/p>\n<\/li>\n<\/ul>\n<\/div>\n<\/div>\n<\/div>\n<\/div>\n<div class=\"z-0 flex min-h-[46px] justify-start\"><\/div>\n<div class=\"mt-3 w-full empty:hidden\">\n<div class=\"text-center\"><\/div>\n<\/div>\n<\/div>\n<\/div>\n<\/article>\n<\/div>\n","protected":false},"excerpt":{"rendered":"<p>Hot\u0103 telescopic\u0103 Tornado SONDO 700(60) FG LED Hota de buc\u0103t\u0103rie telescopic\u0103 Tornado SONDO 700(60) FG LED este o solu\u021bie modern\u0103,<\/p>\n","protected":false},"featured_media":10575,"comment_status":"open","ping_status":"closed","template":"","meta":[],"product_brand":[338],"product_cat":[664,671,705],"product_tag":[],"class_list":{"0":"post-11669","1":"product","2":"type-product","3":"status-publish","4":"has-post-thumbnail","6":"product_brand-tornado","7":"product_cat-hote-de-bucatarie","8":"product_cat-hote-telescopice","9":"product_cat-tornado","10":"pa_country-ukraina","12":"first","13":"instock","14":"shipping-taxable","15":"purchasable","16":"product-type-variable"},"_links":{"self":[{"href":"https:\/\/mastercook.md\/ro\/wp-json\/wp\/v2\/product\/11669","targetHints":{"allow":["GET"]}}],"collection":[{"href":"https:\/\/mastercook.md\/ro\/wp-json\/wp\/v2\/product"}],"about":[{"href":"https:\/\/mastercook.md\/ro\/wp-json\/wp\/v2\/types\/product"}],"replies":[{"embeddable":true,"href":"https:\/\/mastercook.md\/ro\/wp-json\/wp\/v2\/comments?post=11669"}],"wp:featuredmedia":[{"embeddable":true,"href":"https:\/\/mastercook.md\/ro\/wp-json\/wp\/v2\/media\/10575"}],"wp:attachment":[{"href":"https:\/\/mastercook.md\/ro\/wp-json\/wp\/v2\/media?parent=11669"}],"wp:term":[{"taxonomy":"product_brand","embeddable":true,"href":"https:\/\/mastercook.md\/ro\/wp-json\/wp\/v2\/product_brand?post=11669"},{"taxonomy":"product_cat","embeddable":true,"href":"https:\/\/mastercook.md\/ro\/wp-json\/wp\/v2\/product_cat?post=11669"},{"taxonomy":"product_tag","embeddable":true,"href":"https:\/\/mastercook.md\/ro\/wp-json\/wp\/v2\/product_tag?post=11669"}],"curies":[{"name":"wp","href":"https:\/\/api.w.org\/{rel}","templated":true}]}}