{"id":11683,"date":"2026-01-27T14:48:36","date_gmt":"2026-01-27T14:48:36","guid":{"rendered":"https:\/\/mastercook.md\/?post_type=product&#038;p=11683"},"modified":"2026-01-27T15:03:42","modified_gmt":"2026-01-27T15:03:42","slug":"hota-decorative-tornado-notos-120090-led","status":"publish","type":"product","link":"https:\/\/mastercook.md\/ro\/produs\/hota-decorative-tornado-notos-120090-led\/","title":{"rendered":"Hota decorative Tornado NOTOS 1200(90) LED"},"content":{"rendered":"<h2 data-start=\"0\" data-end=\"40\">Hot\u0103 de buc\u0103t\u0103rie Tornado NOTOS 1200(90) LED<\/h2>\n<p data-start=\"42\" data-end=\"343\">Hota de buc\u0103t\u0103rie Tornado NOTOS 1200(90) LED\u00a0 este conceput\u0103 pentru buc\u0103t\u0103riile moderne, \u00eembin\u00e2nd designul elegant cu performan\u021ba ridicat\u0103. Modelul este controlat prin panou tactil amplasat pe sticla frontal\u0103, precum \u0219i prin telecomand\u0103inclus\u0103. Afi\u0219ajul LCD indic\u0103 nivelul de vitez\u0103 \u0219i ora curent\u0103.<\/p>\n<p data-start=\"345\" data-end=\"603\">Hota are clasa energetic\u0103 A \u0219i este echipat\u0103 cu o turbin\u0103 puternic\u0103, cu o capacitate maxim\u0103 de 1200 m\u00b3\/or\u0103, func\u021bion\u00e2nd \u00een acela\u0219i timp silen\u021bios \u0219i eficient. Carcasa din sticl\u0103 securizat\u0103 neagr\u0103 ofer\u0103 un aspect modern \u0219i este u\u0219or de \u00eentre\u021binut.<\/p>\n<hr data-start=\"605\" data-end=\"608\" \/>\n<h3 data-start=\"610\" data-end=\"634\">Avantaje principale:<\/h3>\n<ul data-start=\"636\" data-end=\"930\">\n<li data-start=\"636\" data-end=\"662\">\n<p data-start=\"638\" data-end=\"662\">Clasa energetic\u0103 A<\/p>\n<\/li>\n<li data-start=\"663\" data-end=\"717\">\n<p data-start=\"665\" data-end=\"717\">Panou de control tactil \u0219i telecomand\u0103 inclus\u0103<\/p>\n<\/li>\n<li data-start=\"718\" data-end=\"736\">\n<p data-start=\"720\" data-end=\"736\">Afi\u0219aj LCD<\/p>\n<\/li>\n<li data-start=\"737\" data-end=\"763\">\n<p data-start=\"739\" data-end=\"763\">4 trepte de vitez\u0103<\/p>\n<\/li>\n<li data-start=\"764\" data-end=\"806\">\n<p data-start=\"766\" data-end=\"806\">Temporizator programabil 15\u201390 min<\/p>\n<\/li>\n<li data-start=\"807\" data-end=\"842\">\n<p data-start=\"809\" data-end=\"842\">Iluminare LED SMD \u2013 2 \u00d7 3 W<\/p>\n<\/li>\n<li data-start=\"843\" data-end=\"930\">\n<p data-start=\"845\" data-end=\"930\">Posibilitate de func\u021bionare \u00een regim de recirculare (filtru de carbon op\u021bional)<\/p>\n<\/li>\n<\/ul>\n<hr data-start=\"932\" data-end=\"935\" \/>\n<h3 data-start=\"937\" data-end=\"961\">Eficien\u021b\u0103 \u0219i confort<\/h3>\n<p data-start=\"962\" data-end=\"1161\">Capacitatea mare de absorb\u021bie, de p\u00e2n\u0103 la <strong data-start=\"1004\" data-end=\"1019\">1200 m\u00b3\/or\u0103<\/strong>, asigur\u0103 eliminarea rapid\u0103 a mirosurilor \u0219i aburului. Iluminarea LED poate fi utilizat\u0103 independent, oferind un plus de confort \u00een utilizare.<\/p>\n<hr data-start=\"1163\" data-end=\"1166\" \/>\n<h3 data-start=\"1168\" data-end=\"1195\">Caracteristici tehnice:<\/h3>\n<ul data-start=\"1197\" data-end=\"1625\">\n<li data-start=\"1197\" data-end=\"1218\">\n<p data-start=\"1199\" data-end=\"1218\">L\u0103\u021bime: <strong data-start=\"1207\" data-end=\"1216\">90 cm<\/strong><\/p>\n<\/li>\n<li data-start=\"1219\" data-end=\"1270\">\n<p data-start=\"1221\" data-end=\"1270\">Capacitate maxim\u0103 de absorb\u021bie: <strong data-start=\"1253\" data-end=\"1268\">1200 m\u00b3\/or\u0103<\/strong><\/p>\n<\/li>\n<li data-start=\"1271\" data-end=\"1325\">\n<p data-start=\"1273\" data-end=\"1325\">Capacitate \u00een regim de recirculare: <strong data-start=\"1309\" data-end=\"1323\">840 m\u00b3\/or\u0103<\/strong><\/p>\n<\/li>\n<li data-start=\"1326\" data-end=\"1362\">\n<p data-start=\"1328\" data-end=\"1362\">Nivel maxim de zgomot: <strong data-start=\"1351\" data-end=\"1360\">65 dB<\/strong><\/p>\n<\/li>\n<li data-start=\"1363\" data-end=\"1410\">\n<p data-start=\"1365\" data-end=\"1410\">Filtru de gr\u0103sime: <strong data-start=\"1384\" data-end=\"1408\">aluminiu, 5 straturi<\/strong><\/p>\n<\/li>\n<li data-start=\"1411\" data-end=\"1450\">\n<p data-start=\"1413\" data-end=\"1450\">Filtru de carbon: <strong data-start=\"1431\" data-end=\"1448\">da (op\u021bional)<\/strong><\/p>\n<\/li>\n<li data-start=\"1451\" data-end=\"1486\">\n<p data-start=\"1453\" data-end=\"1486\">Num\u0103r de motoare: <strong data-start=\"1471\" data-end=\"1484\">1 turbin\u0103<\/strong><\/p>\n<\/li>\n<li data-start=\"1487\" data-end=\"1520\">\n<p data-start=\"1489\" data-end=\"1520\">Diametru evacuare: <strong data-start=\"1508\" data-end=\"1518\">150 mm<\/strong><\/p>\n<\/li>\n<li data-start=\"1521\" data-end=\"1573\">\n<p data-start=\"1523\" data-end=\"1573\">Regim de func\u021bionare: <strong data-start=\"1545\" data-end=\"1571\">evacuare \/ recirculare<\/strong><\/p>\n<\/li>\n<li data-start=\"1574\" data-end=\"1625\">\n<p data-start=\"1576\" data-end=\"1625\">Dimensiuni (\u00ce \u00d7 L \u00d7 A): <strong data-start=\"1600\" data-end=\"1625\">82\u2013100 \u00d7 90 \u00d7 36,5 cm<\/strong><\/p>\n<\/li>\n<\/ul>\n","protected":false},"excerpt":{"rendered":"<p>Hot\u0103 de buc\u0103t\u0103rie Tornado NOTOS 1200(90) LED Hota de buc\u0103t\u0103rie Tornado NOTOS 1200(90) LED\u00a0 este conceput\u0103 pentru buc\u0103t\u0103riile moderne, \u00eembin\u00e2nd<\/p>\n","protected":false},"featured_media":10653,"comment_status":"open","ping_status":"closed","template":"","meta":[],"product_brand":[338],"product_cat":[705],"product_tag":[],"class_list":{"0":"post-11683","1":"product","2":"type-product","3":"status-publish","4":"has-post-thumbnail","6":"product_brand-tornado","7":"product_cat-tornado","9":"first","10":"instock","11":"shipping-taxable","12":"purchasable","13":"product-type-variable"},"_links":{"self":[{"href":"https:\/\/mastercook.md\/ro\/wp-json\/wp\/v2\/product\/11683","targetHints":{"allow":["GET"]}}],"collection":[{"href":"https:\/\/mastercook.md\/ro\/wp-json\/wp\/v2\/product"}],"about":[{"href":"https:\/\/mastercook.md\/ro\/wp-json\/wp\/v2\/types\/product"}],"replies":[{"embeddable":true,"href":"https:\/\/mastercook.md\/ro\/wp-json\/wp\/v2\/comments?post=11683"}],"wp:featuredmedia":[{"embeddable":true,"href":"https:\/\/mastercook.md\/ro\/wp-json\/wp\/v2\/media\/10653"}],"wp:attachment":[{"href":"https:\/\/mastercook.md\/ro\/wp-json\/wp\/v2\/media?parent=11683"}],"wp:term":[{"taxonomy":"product_brand","embeddable":true,"href":"https:\/\/mastercook.md\/ro\/wp-json\/wp\/v2\/product_brand?post=11683"},{"taxonomy":"product_cat","embeddable":true,"href":"https:\/\/mastercook.md\/ro\/wp-json\/wp\/v2\/product_cat?post=11683"},{"taxonomy":"product_tag","embeddable":true,"href":"https:\/\/mastercook.md\/ro\/wp-json\/wp\/v2\/product_tag?post=11683"}],"curies":[{"name":"wp","href":"https:\/\/api.w.org\/{rel}","templated":true}]}}