{"id":11706,"date":"2026-01-27T15:23:05","date_gmt":"2026-01-27T15:23:05","guid":{"rendered":"https:\/\/mastercook.md\/?post_type=product&#038;p=11706"},"modified":"2026-01-27T16:19:50","modified_gmt":"2026-01-27T16:19:50","slug":"hota-decorative-tornado-megas-120060-led","status":"publish","type":"product","link":"https:\/\/mastercook.md\/ro\/produs\/hota-decorative-tornado-megas-120060-led\/","title":{"rendered":"Hota decorative Tornado MEGAS 1200(60) LED, latime 60 cm"},"content":{"rendered":"<h2 data-start=\"129\" data-end=\"169\">Hot\u0103 de buc\u0103t\u0103rie Tornado MEGAS 1200(60) LED<\/h2>\n<p data-start=\"171\" data-end=\"481\">Hota de buc\u0103t\u0103rie Tornado MEGAS este o alegere ideal\u0103 pentru buc\u0103t\u0103riile moderne, combin\u00e2nd designul elegant cu performan\u021ba ridicat\u0103. Modelul este controlat prin panou tactil amplasat pe sticla frontal\u0103 sau cu ajutorul telecomenziiincluse. Afi\u0219ajul LCD indic\u0103 treapta de vitez\u0103 \u0219i ora curent\u0103.<\/p>\n<p data-start=\"483\" data-end=\"736\">Hota are clasa energetic\u0103 A \u0219i este echipat\u0103 cu o turbin\u0103 puternic\u0103, cu o capacitate de evacuare de p\u00e2n\u0103 la 1200 m\u00b3\/or\u0103, func\u021bion\u00e2nd eficient \u0219i silen\u021bios. Carcasa din sticl\u0103 securizat\u0103 alb\u0103 ofer\u0103 un aspect modern \u0219i este u\u0219or de \u00eentre\u021binut.<\/p>\n<hr data-start=\"738\" data-end=\"741\" \/>\n<h3 data-start=\"743\" data-end=\"767\">Avantaje principale:<\/h3>\n<ul data-start=\"769\" data-end=\"1060\">\n<li data-start=\"769\" data-end=\"795\">\n<p data-start=\"771\" data-end=\"795\">Clasa energetic\u0103 A<\/p>\n<\/li>\n<li data-start=\"796\" data-end=\"850\">\n<p data-start=\"798\" data-end=\"850\">Panou de control tactil \u0219i telecomand\u0103 inclus\u0103<\/p>\n<\/li>\n<li data-start=\"851\" data-end=\"869\">\n<p data-start=\"853\" data-end=\"869\">Afi\u0219aj LCD<\/p>\n<\/li>\n<li data-start=\"870\" data-end=\"896\">\n<p data-start=\"872\" data-end=\"896\">4 trepte de vitez\u0103<\/p>\n<\/li>\n<li data-start=\"897\" data-end=\"942\">\n<p data-start=\"899\" data-end=\"942\">Temporizator programabil 15\u201390 minute<\/p>\n<\/li>\n<li data-start=\"943\" data-end=\"974\">\n<p data-start=\"945\" data-end=\"974\">Iluminare LED \u2013 2 \u00d7 3 W<\/p>\n<\/li>\n<li data-start=\"975\" data-end=\"1060\">\n<p data-start=\"977\" data-end=\"1060\">Posibilitate de func\u021bionare \u00een regim de recirculare (filtru de carbon op\u021bional)<\/p>\n<\/li>\n<\/ul>\n<hr data-start=\"1062\" data-end=\"1065\" \/>\n<h3 data-start=\"1067\" data-end=\"1097\">Confort \u0219i func\u021bionalitate<\/h3>\n<p data-start=\"1098\" data-end=\"1416\">Panoul tactil permite selectarea rapid\u0103 a vitezei, activarea ilumin\u0103rii sau setarea temporizatorului printr-o simpl\u0103 atingere. Telecomanda ofer\u0103 un plus de confort \u00een utilizare. Hota Tornado MEGAS elimin\u0103 eficient mirosurile \u0219i aburul, fiind \u00een acela\u0219i timp un element decorativ elegant pentru orice buc\u0103t\u0103rie modern\u0103.<\/p>\n","protected":false},"excerpt":{"rendered":"<p>Hot\u0103 de buc\u0103t\u0103rie Tornado MEGAS 1200(60) LED Hota de buc\u0103t\u0103rie Tornado MEGAS este o alegere ideal\u0103 pentru buc\u0103t\u0103riile moderne, combin\u00e2nd<\/p>\n","protected":false},"featured_media":11732,"comment_status":"open","ping_status":"closed","template":"","meta":[],"product_brand":[338],"product_cat":[705],"product_tag":[],"class_list":{"0":"post-11706","1":"product","2":"type-product","3":"status-publish","4":"has-post-thumbnail","6":"product_brand-tornado","7":"product_cat-tornado","9":"first","10":"instock","11":"shipping-taxable","12":"purchasable","13":"product-type-variable"},"_links":{"self":[{"href":"https:\/\/mastercook.md\/ro\/wp-json\/wp\/v2\/product\/11706","targetHints":{"allow":["GET"]}}],"collection":[{"href":"https:\/\/mastercook.md\/ro\/wp-json\/wp\/v2\/product"}],"about":[{"href":"https:\/\/mastercook.md\/ro\/wp-json\/wp\/v2\/types\/product"}],"replies":[{"embeddable":true,"href":"https:\/\/mastercook.md\/ro\/wp-json\/wp\/v2\/comments?post=11706"}],"wp:featuredmedia":[{"embeddable":true,"href":"https:\/\/mastercook.md\/ro\/wp-json\/wp\/v2\/media\/11732"}],"wp:attachment":[{"href":"https:\/\/mastercook.md\/ro\/wp-json\/wp\/v2\/media?parent=11706"}],"wp:term":[{"taxonomy":"product_brand","embeddable":true,"href":"https:\/\/mastercook.md\/ro\/wp-json\/wp\/v2\/product_brand?post=11706"},{"taxonomy":"product_cat","embeddable":true,"href":"https:\/\/mastercook.md\/ro\/wp-json\/wp\/v2\/product_cat?post=11706"},{"taxonomy":"product_tag","embeddable":true,"href":"https:\/\/mastercook.md\/ro\/wp-json\/wp\/v2\/product_tag?post=11706"}],"curies":[{"name":"wp","href":"https:\/\/api.w.org\/{rel}","templated":true}]}}