{"id":11823,"date":"2026-01-28T11:23:06","date_gmt":"2026-01-28T11:23:06","guid":{"rendered":"https:\/\/mastercook.md\/?post_type=product&#038;p=11823"},"modified":"2026-01-28T11:30:57","modified_gmt":"2026-01-28T11:30:57","slug":"hota-decorative-tornado-dely-120090-led-latime-90-cm-kopirovat","status":"publish","type":"product","link":"https:\/\/mastercook.md\/ro\/produs\/hota-decorative-tornado-dely-120090-led-latime-90-cm-kopirovat\/","title":{"rendered":"Hota decorative Tornado DELY 1200(90) LED, latime 90 cm (\u041a\u043e\u043f\u0438\u0440\u043e\u0432\u0430\u0442\u044c)"},"content":{"rendered":"<h2 data-start=\"0\" data-end=\"58\">Hot\u0103 \u00eenclinat\u0103 Tornado DELY 1200(90) LED, l\u0103\u021bime 90 cm<\/h2>\n<p data-start=\"60\" data-end=\"392\">Hota Tornado DELY 1200(90) LED se integreaz\u0103 perfect \u00een interiorul unei buc\u0103t\u0103rii moderne. Controlul se realizeaz\u0103 prin panou tactil amplasat pe sticla frontal\u0103 sau cu ajutorul telecomenzii incluse. Afi\u0219ajul LCD indic\u0103 nivelul de vitez\u0103 selectat \u0219i ora curent\u0103. Modelul apar\u021bine clasei de eficien\u021b\u0103 energetic\u0103 A.<\/p>\n<p data-start=\"394\" data-end=\"556\">Turbina puternic\u0103 asigur\u0103 o capacitate de absorb\u021bie de p\u00e2n\u0103 la <strong data-start=\"457\" data-end=\"472\">1200 m\u00b3\/or\u0103<\/strong>, men\u021bin\u00e2nd \u00een acela\u0219i timp un consum redus de energie \u0219i un nivel sc\u0103zut de zgomot.<\/p>\n<hr data-start=\"558\" data-end=\"561\" \/>\n<h3 data-start=\"563\" data-end=\"623\">Avantajele hotei de buc\u0103t\u0103rie Tornado DELY 1200(90) LED:<\/h3>\n<ul data-start=\"625\" data-end=\"971\">\n<li data-start=\"625\" data-end=\"664\">\n<p data-start=\"627\" data-end=\"664\">Clasa de eficien\u021b\u0103 energetic\u0103 A<\/p>\n<\/li>\n<li data-start=\"665\" data-end=\"733\">\n<p data-start=\"667\" data-end=\"733\">Temporizator cu oprire programabil\u0103 \u00eentre 15 \u0219i 90 de minute<\/p>\n<\/li>\n<li data-start=\"734\" data-end=\"817\">\n<p data-start=\"736\" data-end=\"817\">Control modern \u0219i comod \u2014 panou tactil pe sticl\u0103 \u0219i telecomand\u0103 inclus\u0103<\/p>\n<\/li>\n<li data-start=\"818\" data-end=\"836\">\n<p data-start=\"820\" data-end=\"836\">Afi\u0219aj LCD<\/p>\n<\/li>\n<li data-start=\"837\" data-end=\"863\">\n<p data-start=\"839\" data-end=\"863\">4 trepte de vitez\u0103<\/p>\n<\/li>\n<li data-start=\"864\" data-end=\"902\">\n<p data-start=\"866\" data-end=\"902\">Iluminare LED \u2013 2 l\u0103mpi de 3 W<\/p>\n<\/li>\n<li data-start=\"903\" data-end=\"971\">\n<p data-start=\"905\" data-end=\"971\">Posibilitatea de func\u021bionare \u00een regim de recirculare a aerului<\/p>\n<\/li>\n<\/ul>\n<hr data-start=\"973\" data-end=\"976\" \/>\n<p data-start=\"978\" data-end=\"1207\">Panoul tactil permite, printr-o simpl\u0103 atingere, selectarea uneia dintre cele patru viteze, activarea ilumin\u0103rii sau setarea timpului de oprire automat\u0103 \u00eentre 15 \u0219i 90 de minute. Telecomanda ofer\u0103 un plus de confort \u00een utilizare.<\/p>\n<p data-start=\"1209\" data-end=\"1374\" data-is-last-node=\"\" data-is-only-node=\"\"><strong data-start=\"1209\" data-end=\"1256\">Hota de buc\u0103t\u0103rie Tornado DELY 1200(90) LED<\/strong> elimin\u0103 eficient mirosurile \u0219i vaporii, fiind \u00een acela\u0219i timp un element elegant \u0219i func\u021bional al buc\u0103t\u0103riei moderne.<\/p>\n","protected":false},"excerpt":{"rendered":"<p>Hot\u0103 \u00eenclinat\u0103 Tornado DELY 1200(90) LED, l\u0103\u021bime 90 cm Hota Tornado DELY 1200(90) LED se integreaz\u0103 perfect \u00een interiorul unei<\/p>\n","protected":false},"featured_media":11806,"comment_status":"open","ping_status":"closed","template":"","meta":[],"product_brand":[338],"product_cat":[705],"product_tag":[],"class_list":{"0":"post-11823","1":"product","2":"type-product","3":"status-publish","4":"has-post-thumbnail","6":"product_brand-tornado","7":"product_cat-tornado","9":"first","10":"instock","11":"shipping-taxable","12":"purchasable","13":"product-type-variable"},"_links":{"self":[{"href":"https:\/\/mastercook.md\/ro\/wp-json\/wp\/v2\/product\/11823","targetHints":{"allow":["GET"]}}],"collection":[{"href":"https:\/\/mastercook.md\/ro\/wp-json\/wp\/v2\/product"}],"about":[{"href":"https:\/\/mastercook.md\/ro\/wp-json\/wp\/v2\/types\/product"}],"replies":[{"embeddable":true,"href":"https:\/\/mastercook.md\/ro\/wp-json\/wp\/v2\/comments?post=11823"}],"wp:featuredmedia":[{"embeddable":true,"href":"https:\/\/mastercook.md\/ro\/wp-json\/wp\/v2\/media\/11806"}],"wp:attachment":[{"href":"https:\/\/mastercook.md\/ro\/wp-json\/wp\/v2\/media?parent=11823"}],"wp:term":[{"taxonomy":"product_brand","embeddable":true,"href":"https:\/\/mastercook.md\/ro\/wp-json\/wp\/v2\/product_brand?post=11823"},{"taxonomy":"product_cat","embeddable":true,"href":"https:\/\/mastercook.md\/ro\/wp-json\/wp\/v2\/product_cat?post=11823"},{"taxonomy":"product_tag","embeddable":true,"href":"https:\/\/mastercook.md\/ro\/wp-json\/wp\/v2\/product_tag?post=11823"}],"curies":[{"name":"wp","href":"https:\/\/api.w.org\/{rel}","templated":true}]}}