{"id":11853,"date":"2026-01-28T11:53:19","date_gmt":"2026-01-28T11:53:19","guid":{"rendered":"https:\/\/mastercook.md\/?post_type=product&#038;p=11853"},"modified":"2026-01-28T12:00:26","modified_gmt":"2026-01-28T12:00:26","slug":"hota-decorative-tornado-sigma-70050","status":"publish","type":"product","link":"https:\/\/mastercook.md\/ro\/produs\/hota-decorative-tornado-sigma-70050\/","title":{"rendered":"Hota decorative Tornado SIGMA 700(50) LED, latime 50 cm"},"content":{"rendered":"<h2 data-start=\"0\" data-end=\"58\">Hota decorative Tornado SIGMA 700(50) LED, latime 50 cm<\/h2>\n<p data-start=\"60\" data-end=\"385\">Hota se potrive\u0219te perfect \u00een interiorul unei buc\u0103t\u0103rii moderne.\u00a0Modelul <strong data-start=\"315\" data-end=\"338\">SIGMA de la TORNADO<\/strong> apar\u021bine <strong data-start=\"348\" data-end=\"384\">clasei de eficien\u021b\u0103 energetic\u0103 D<\/strong>.<\/p>\n<p data-start=\"387\" data-end=\"571\">Turbina puternic\u0103 asigur\u0103 o <strong data-start=\"415\" data-end=\"464\">capacitate de absorb\u021bie de p\u00e2n\u0103 la 700 m\u00b3\/or\u0103<\/strong>, men\u021bin\u00e2nd \u00een acela\u0219i timp un consum redus de energie \u0219i un nivel sc\u0103zut de zgomot \u00een timpul func\u021bion\u0103rii.<\/p>\n<h3 data-start=\"573\" data-end=\"633\">Avantajele hotei de buc\u0103t\u0103rie Tornado SIGMA 700(50) LED:<\/h3>\n<ul data-start=\"634\" data-end=\"791\" data-is-last-node=\"\" data-is-only-node=\"\">\n<li data-start=\"634\" data-end=\"672\">\n<p data-start=\"636\" data-end=\"672\">clas\u0103 de eficien\u021b\u0103 energetic\u0103 <strong data-start=\"666\" data-end=\"671\">D<\/strong>;<\/p>\n<\/li>\n<li data-start=\"673\" data-end=\"723\">\n<p data-start=\"675\" data-end=\"723\">comand\u0103 simpl\u0103 \u0219i comod\u0103 \u2013 <strong data-start=\"702\" data-end=\"722\">butoane mecanice<\/strong>;<\/p>\n<\/li>\n<li data-start=\"724\" data-end=\"749\">\n<p data-start=\"726\" data-end=\"749\"><strong data-start=\"726\" data-end=\"748\">3 trepte de vitez\u0103<\/strong>;<\/p>\n<\/li>\n<li data-start=\"750\" data-end=\"791\" data-is-last-node=\"\">\n<p data-start=\"752\" data-end=\"791\" data-is-last-node=\"\"><strong data-start=\"752\" data-end=\"769\">iluminare LED<\/strong> \u2013 2 l\u0103mpi a c\u00e2te 3 W.<\/p>\n<\/li>\n<\/ul>\n<p>&nbsp;<\/p>\n","protected":false},"excerpt":{"rendered":"<p>Hota decorative Tornado SIGMA 700(50) LED, latime 50 cm Hota se potrive\u0219te perfect \u00een interiorul unei buc\u0103t\u0103rii moderne.\u00a0Modelul SIGMA de<\/p>\n","protected":false},"featured_media":11851,"comment_status":"open","ping_status":"closed","template":"","meta":[],"product_brand":[338],"product_cat":[705],"product_tag":[],"class_list":{"0":"post-11853","1":"product","2":"type-product","3":"status-publish","4":"has-post-thumbnail","6":"product_brand-tornado","7":"product_cat-tornado","9":"first","10":"instock","11":"shipping-taxable","12":"purchasable","13":"product-type-variable"},"_links":{"self":[{"href":"https:\/\/mastercook.md\/ro\/wp-json\/wp\/v2\/product\/11853","targetHints":{"allow":["GET"]}}],"collection":[{"href":"https:\/\/mastercook.md\/ro\/wp-json\/wp\/v2\/product"}],"about":[{"href":"https:\/\/mastercook.md\/ro\/wp-json\/wp\/v2\/types\/product"}],"replies":[{"embeddable":true,"href":"https:\/\/mastercook.md\/ro\/wp-json\/wp\/v2\/comments?post=11853"}],"wp:featuredmedia":[{"embeddable":true,"href":"https:\/\/mastercook.md\/ro\/wp-json\/wp\/v2\/media\/11851"}],"wp:attachment":[{"href":"https:\/\/mastercook.md\/ro\/wp-json\/wp\/v2\/media?parent=11853"}],"wp:term":[{"taxonomy":"product_brand","embeddable":true,"href":"https:\/\/mastercook.md\/ro\/wp-json\/wp\/v2\/product_brand?post=11853"},{"taxonomy":"product_cat","embeddable":true,"href":"https:\/\/mastercook.md\/ro\/wp-json\/wp\/v2\/product_cat?post=11853"},{"taxonomy":"product_tag","embeddable":true,"href":"https:\/\/mastercook.md\/ro\/wp-json\/wp\/v2\/product_tag?post=11853"}],"curies":[{"name":"wp","href":"https:\/\/api.w.org\/{rel}","templated":true}]}}