{"id":11883,"date":"2026-01-28T12:17:12","date_gmt":"2026-01-28T12:17:12","guid":{"rendered":"https:\/\/mastercook.md\/?post_type=product&#038;p=11883"},"modified":"2026-01-28T16:03:40","modified_gmt":"2026-01-28T16:03:40","slug":"hota-decorative-tornado-cappa-100060-silver-led","status":"publish","type":"product","link":"https:\/\/mastercook.md\/ro\/produs\/hota-decorative-tornado-cappa-100060-silver-led\/","title":{"rendered":"Hot\u0103 \u00eenclinat\u0103 Tornado CAPPA 1000(60) SILVER LED l\u0103\u021bime 60 cm"},"content":{"rendered":"<h2 data-start=\"0\" data-end=\"66\"><strong data-start=\"0\" data-end=\"66\">Hot\u0103 \u00eenclinat\u0103 Tornado CAPPA 1000(60) SILVER LED, l\u0103\u021bime 60 cm<\/strong><\/h2>\n<p data-start=\"68\" data-end=\"398\">Hota se integreaz\u0103 perfect \u00een interiorul unei buc\u0103t\u0103rii moderne. Controlul se realizeaz\u0103 prin <strong data-start=\"162\" data-end=\"178\">panou tactil<\/strong> amplasat pe fa\u021bada frontal\u0103 din sticl\u0103 sau cu ajutorul <strong data-start=\"234\" data-end=\"250\">telecomenzii<\/strong>. <strong data-start=\"252\" data-end=\"268\">Afi\u0219ajul LCD<\/strong> indic\u0103 treapta de vitez\u0103 selectat\u0103 \u0219i ora curent\u0103. Modelul <strong data-start=\"328\" data-end=\"351\">CAPPA de la TORNADO<\/strong> apar\u021bine <strong data-start=\"361\" data-end=\"397\">clasei de eficien\u021b\u0103 energetic\u0103 D<\/strong>.<\/p>\n<p data-start=\"400\" data-end=\"585\">Turbina puternic\u0103 asigur\u0103 o <strong data-start=\"428\" data-end=\"478\">capacitate de absorb\u021bie de p\u00e2n\u0103 la 1000 m\u00b3\/or\u0103<\/strong>, men\u021bin\u00e2nd \u00een acela\u0219i timp un consum redus de energie \u0219i un nivel sc\u0103zut de zgomot \u00een timpul func\u021bion\u0103rii.<\/p>\n<h3 data-start=\"587\" data-end=\"655\">Avantajele hotei de buc\u0103t\u0103rie Tornado CAPPA 1000(60) SILVER LED:<\/h3>\n<ul data-start=\"656\" data-end=\"898\" data-is-last-node=\"\" data-is-only-node=\"\">\n<li data-start=\"656\" data-end=\"694\">\n<p data-start=\"658\" data-end=\"694\">clas\u0103 de eficien\u021b\u0103 energetic\u0103 <strong data-start=\"688\" data-end=\"693\">D<\/strong>;<\/p>\n<\/li>\n<li data-start=\"695\" data-end=\"723\">\n<p data-start=\"697\" data-end=\"723\">culoarea sticlei: <strong data-start=\"715\" data-end=\"722\">gri<\/strong>;<\/p>\n<\/li>\n<li data-start=\"724\" data-end=\"787\">\n<p data-start=\"726\" data-end=\"787\">comand\u0103 modern\u0103 \u0219i comod\u0103 \u2013 <strong data-start=\"754\" data-end=\"786\">panou tactil sau telecomand\u0103<\/strong>;<\/p>\n<\/li>\n<li data-start=\"788\" data-end=\"813\">\n<p data-start=\"790\" data-end=\"813\"><strong data-start=\"790\" data-end=\"812\">3 trepte de vitez\u0103<\/strong>;<\/p>\n<\/li>\n<li data-start=\"814\" data-end=\"855\">\n<p data-start=\"816\" data-end=\"855\"><strong data-start=\"816\" data-end=\"833\">iluminare LED<\/strong> \u2013 2 l\u0103mpi a c\u00e2te 3 W;<\/p>\n<\/li>\n<li data-start=\"856\" data-end=\"898\" data-is-last-node=\"\">\n<p data-start=\"858\" data-end=\"898\" data-is-last-node=\"\"><strong data-start=\"858\" data-end=\"884\">temporizator de oprire<\/strong> la 15 minute.<\/p>\n<\/li>\n<\/ul>\n","protected":false},"excerpt":{"rendered":"<p>Hot\u0103 \u00eenclinat\u0103 Tornado CAPPA 1000(60) SILVER LED, l\u0103\u021bime 60 cm Hota se integreaz\u0103 perfect \u00een interiorul unei buc\u0103t\u0103rii moderne. Controlul<\/p>\n","protected":false},"featured_media":11886,"comment_status":"open","ping_status":"closed","template":"","meta":[],"product_brand":[338],"product_cat":[705],"product_tag":[],"class_list":{"0":"post-11883","1":"product","2":"type-product","3":"status-publish","4":"has-post-thumbnail","6":"product_brand-tornado","7":"product_cat-tornado","9":"first","10":"instock","11":"shipping-taxable","12":"purchasable","13":"product-type-simple"},"_links":{"self":[{"href":"https:\/\/mastercook.md\/ro\/wp-json\/wp\/v2\/product\/11883","targetHints":{"allow":["GET"]}}],"collection":[{"href":"https:\/\/mastercook.md\/ro\/wp-json\/wp\/v2\/product"}],"about":[{"href":"https:\/\/mastercook.md\/ro\/wp-json\/wp\/v2\/types\/product"}],"replies":[{"embeddable":true,"href":"https:\/\/mastercook.md\/ro\/wp-json\/wp\/v2\/comments?post=11883"}],"wp:featuredmedia":[{"embeddable":true,"href":"https:\/\/mastercook.md\/ro\/wp-json\/wp\/v2\/media\/11886"}],"wp:attachment":[{"href":"https:\/\/mastercook.md\/ro\/wp-json\/wp\/v2\/media?parent=11883"}],"wp:term":[{"taxonomy":"product_brand","embeddable":true,"href":"https:\/\/mastercook.md\/ro\/wp-json\/wp\/v2\/product_brand?post=11883"},{"taxonomy":"product_cat","embeddable":true,"href":"https:\/\/mastercook.md\/ro\/wp-json\/wp\/v2\/product_cat?post=11883"},{"taxonomy":"product_tag","embeddable":true,"href":"https:\/\/mastercook.md\/ro\/wp-json\/wp\/v2\/product_tag?post=11883"}],"curies":[{"name":"wp","href":"https:\/\/api.w.org\/{rel}","templated":true}]}}