{"id":11893,"date":"2026-01-28T12:27:31","date_gmt":"2026-01-28T12:27:31","guid":{"rendered":"https:\/\/mastercook.md\/?post_type=product&#038;p=11893"},"modified":"2026-01-28T12:49:14","modified_gmt":"2026-01-28T12:49:14","slug":"hota-decorative-tornado-piano-85060-led","status":"publish","type":"product","link":"https:\/\/mastercook.md\/ro\/produs\/hota-decorative-tornado-piano-85060-led\/","title":{"rendered":"Hota decorative Tornado PIANO 850(60) LED, latime 60 cm"},"content":{"rendered":"<h2 data-start=\"0\" data-end=\"58\"><strong data-start=\"0\" data-end=\"58\">Hot\u0103 \u00eenclinat\u0103 Tornado PIANO 850(60) LED, l\u0103\u021bime 60 cm<\/strong><\/h2>\n<p data-start=\"60\" data-end=\"390\">Hota se integreaz\u0103 perfect \u00een interiorul unei buc\u0103t\u0103rii moderne. Controlul se realizeaz\u0103 prin panou tactil amplasat pe fa\u021bada frontal\u0103 din sticl\u0103 sau cu ajutorul telecomenzii. Afi\u0219ajul LCD indic\u0103 treapta de vitez\u0103 selectat\u0103 \u0219i ora curent\u0103. Modelul PIANO de la TORNADO apar\u021bine clasei de eficien\u021b\u0103 energetic\u0103 D.<\/p>\n<p data-start=\"392\" data-end=\"576\">Turbina puternic\u0103 asigur\u0103 o capacitate de absorb\u021bie de p\u00e2n\u0103 la 860 m\u00b3\/or\u0103, men\u021bin\u00e2nd \u00een acela\u0219i timp un consum redus de energie \u0219i un nivel sc\u0103zut de zgomot \u00een timpul func\u021bion\u0103rii.<\/p>\n<h3 data-start=\"578\" data-end=\"638\">Avantajele hotei de buc\u0103t\u0103rie Tornado PIANO 850(60) LED:<\/h3>\n<ul data-start=\"639\" data-end=\"852\" data-is-last-node=\"\" data-is-only-node=\"\">\n<li data-start=\"639\" data-end=\"677\">\n<p data-start=\"641\" data-end=\"677\">clas\u0103 de eficien\u021b\u0103 energetic\u0103 <strong data-start=\"671\" data-end=\"676\">D<\/strong>;<\/p>\n<\/li>\n<li data-start=\"678\" data-end=\"741\">\n<p data-start=\"680\" data-end=\"741\">comand\u0103 modern\u0103 \u0219i comod\u0103 \u2013 <strong data-start=\"708\" data-end=\"740\">panou tactil sau telecomand\u0103<\/strong>;<\/p>\n<\/li>\n<li data-start=\"742\" data-end=\"767\">\n<p data-start=\"744\" data-end=\"767\"><strong data-start=\"744\" data-end=\"766\">3 trepte de vitez\u0103<\/strong>;<\/p>\n<\/li>\n<li data-start=\"768\" data-end=\"809\">\n<p data-start=\"770\" data-end=\"809\"><strong data-start=\"770\" data-end=\"787\">iluminare LED<\/strong> \u2013 2 l\u0103mpi a c\u00e2te 3 W;<\/p>\n<\/li>\n<li data-start=\"810\" data-end=\"852\" data-is-last-node=\"\">\n<p data-start=\"812\" data-end=\"852\" data-is-last-node=\"\"><strong data-start=\"812\" data-end=\"838\">temporizator de oprire<\/strong> la 15 minute.<\/p>\n<\/li>\n<\/ul>\n","protected":false},"excerpt":{"rendered":"<p>Hot\u0103 \u00eenclinat\u0103 Tornado PIANO 850(60) LED, l\u0103\u021bime 60 cm Hota se integreaz\u0103 perfect \u00een interiorul unei buc\u0103t\u0103rii moderne. Controlul se<\/p>\n","protected":false},"featured_media":11905,"comment_status":"open","ping_status":"closed","template":"","meta":[],"product_brand":[338],"product_cat":[705],"product_tag":[],"class_list":{"0":"post-11893","1":"product","2":"type-product","3":"status-publish","4":"has-post-thumbnail","6":"product_brand-tornado","7":"product_cat-tornado","9":"first","10":"instock","11":"shipping-taxable","12":"purchasable","13":"product-type-variable"},"_links":{"self":[{"href":"https:\/\/mastercook.md\/ro\/wp-json\/wp\/v2\/product\/11893","targetHints":{"allow":["GET"]}}],"collection":[{"href":"https:\/\/mastercook.md\/ro\/wp-json\/wp\/v2\/product"}],"about":[{"href":"https:\/\/mastercook.md\/ro\/wp-json\/wp\/v2\/types\/product"}],"replies":[{"embeddable":true,"href":"https:\/\/mastercook.md\/ro\/wp-json\/wp\/v2\/comments?post=11893"}],"wp:featuredmedia":[{"embeddable":true,"href":"https:\/\/mastercook.md\/ro\/wp-json\/wp\/v2\/media\/11905"}],"wp:attachment":[{"href":"https:\/\/mastercook.md\/ro\/wp-json\/wp\/v2\/media?parent=11893"}],"wp:term":[{"taxonomy":"product_brand","embeddable":true,"href":"https:\/\/mastercook.md\/ro\/wp-json\/wp\/v2\/product_brand?post=11893"},{"taxonomy":"product_cat","embeddable":true,"href":"https:\/\/mastercook.md\/ro\/wp-json\/wp\/v2\/product_cat?post=11893"},{"taxonomy":"product_tag","embeddable":true,"href":"https:\/\/mastercook.md\/ro\/wp-json\/wp\/v2\/product_tag?post=11893"}],"curies":[{"name":"wp","href":"https:\/\/api.w.org\/{rel}","templated":true}]}}