{"id":11911,"date":"2026-01-28T12:49:49","date_gmt":"2026-01-28T12:49:49","guid":{"rendered":"https:\/\/mastercook.md\/?post_type=product&#038;p=11911"},"modified":"2026-01-28T13:28:14","modified_gmt":"2026-01-28T13:28:14","slug":"hota-cupolara-eva-120090-bl-led","status":"publish","type":"product","link":"https:\/\/mastercook.md\/ro\/produs\/hota-cupolara-eva-120090-bl-led\/","title":{"rendered":"Hota cupolara Tornado EVA 1200(90) BL LED, l\u0103\u021bime 90 cm"},"content":{"rendered":"<h2 data-start=\"0\" data-end=\"61\"><strong data-start=\"0\" data-end=\"61\">Hot\u0103 tip cupol\u0103 Tornado EVA 1200(90) BL LED, l\u0103\u021bime 90 cm<\/strong><\/h2>\n<p data-start=\"63\" data-end=\"314\">Hota tip cupol\u0103 Tornado EVA 1200(90) BL LED, cu l\u0103\u021bimea carcasei de 90 cm \u0219i capacitatea turbinei de 1200 m\u00b3\/or\u0103. Acest model va fi nu doar un ajutor practic \u00eentr-o buc\u0103t\u0103rie cu suprafa\u021ba de p\u00e2n\u0103 la 25 m\u00b2, ci va completa perfect orice interior modern.<\/p>\n<h3 data-start=\"316\" data-end=\"347\"><strong data-start=\"316\" data-end=\"347\">Caracteristicile modelului:<\/strong><\/h3>\n<p data-start=\"349\" data-end=\"457\">La fel ca \u0219i alte hote Tornado, modelul EVA 1200(90) BL LED dispune de un set simplu \u0219i standard de func\u021bii:<\/p>\n<ul data-start=\"459\" data-end=\"1249\">\n<li data-start=\"459\" data-end=\"519\">\n<p data-start=\"461\" data-end=\"519\">Modelul tip cupol\u0103 se potrive\u0219te oric\u0103rui interior modern;<\/p>\n<\/li>\n<li data-start=\"520\" data-end=\"619\">\n<p data-start=\"522\" data-end=\"619\">Carcasa metalic\u0103 este vopsit\u0103 cu vopsea pulbere, rezistent\u0103 la raze UV \u0219i la solicit\u0103ri mecanice;<\/p>\n<\/li>\n<li data-start=\"620\" data-end=\"663\">\n<p data-start=\"622\" data-end=\"663\">Controlul se realizeaz\u0103 prin butoane moi;<\/p>\n<\/li>\n<li data-start=\"664\" data-end=\"787\">\n<p data-start=\"666\" data-end=\"787\">L\u0103\u021bimea de 90 cm asigur\u0103 o captare larg\u0103 a aburului, transform\u00e2nd hota \u00eentr-un aparat electrocasnic de nivel profesional;<\/p>\n<\/li>\n<li data-start=\"788\" data-end=\"875\">\n<p data-start=\"790\" data-end=\"875\">Inima hotei este o turbin\u0103 puternic\u0103, eficient\u0103 \u0219i economic\u0103, cu dou\u0103 rotoare axiale;<\/p>\n<\/li>\n<li data-start=\"876\" data-end=\"910\">\n<p data-start=\"878\" data-end=\"910\">3 trepte de vitez\u0103 ale turbinei;<\/p>\n<\/li>\n<li data-start=\"911\" data-end=\"1067\">\n<p data-start=\"913\" data-end=\"1067\">Posibilitatea alegerii modului de purificare a aerului \u2013 evacuare \u00een exterior sau recirculare (cur\u0103\u021bare cu ajutorul filtrelor de carbon interschimbabile);<\/p>\n<\/li>\n<li data-start=\"1068\" data-end=\"1154\">\n<p data-start=\"1070\" data-end=\"1154\">Iluminare LED modern\u0103 \u2013 2 l\u0103mpi luminoase \u0219i economice, cu puterea de 1,5 W fiecare;<\/p>\n<\/li>\n<li data-start=\"1155\" data-end=\"1229\">\n<p data-start=\"1157\" data-end=\"1229\">Modelul utilizeaz\u0103 un filtru de gr\u0103sime din aluminiu, cu cinci straturi;<\/p>\n<\/li>\n<li data-start=\"1230\" data-end=\"1249\">\n<p data-start=\"1232\" data-end=\"1249\">Garan\u021bie \u2013 2 ani.<\/p>\n<\/li>\n<\/ul>\n<p data-start=\"1251\" data-end=\"1380\" data-is-last-node=\"\" data-is-only-node=\"\">Hotele EVA 1200(90) BL LED sunt livrate cu clapet\u0103 antiretur, filtru de gr\u0103sime din aluminiu, elemente de fixare \u0219i documenta\u021bie.<\/p>\n","protected":false},"excerpt":{"rendered":"<p>Hot\u0103 tip cupol\u0103 Tornado EVA 1200(90) BL LED, l\u0103\u021bime 90 cm Hota tip cupol\u0103 Tornado EVA 1200(90) BL LED, cu<\/p>\n","protected":false},"featured_media":11917,"comment_status":"open","ping_status":"closed","template":"","meta":[],"product_brand":[338],"product_cat":[705],"product_tag":[],"class_list":{"0":"post-11911","1":"product","2":"type-product","3":"status-publish","4":"has-post-thumbnail","6":"product_brand-tornado","7":"product_cat-tornado","8":"pa_country-ukraina","10":"first","11":"instock","12":"shipping-taxable","13":"purchasable","14":"product-type-simple"},"_links":{"self":[{"href":"https:\/\/mastercook.md\/ro\/wp-json\/wp\/v2\/product\/11911","targetHints":{"allow":["GET"]}}],"collection":[{"href":"https:\/\/mastercook.md\/ro\/wp-json\/wp\/v2\/product"}],"about":[{"href":"https:\/\/mastercook.md\/ro\/wp-json\/wp\/v2\/types\/product"}],"replies":[{"embeddable":true,"href":"https:\/\/mastercook.md\/ro\/wp-json\/wp\/v2\/comments?post=11911"}],"wp:featuredmedia":[{"embeddable":true,"href":"https:\/\/mastercook.md\/ro\/wp-json\/wp\/v2\/media\/11917"}],"wp:attachment":[{"href":"https:\/\/mastercook.md\/ro\/wp-json\/wp\/v2\/media?parent=11911"}],"wp:term":[{"taxonomy":"product_brand","embeddable":true,"href":"https:\/\/mastercook.md\/ro\/wp-json\/wp\/v2\/product_brand?post=11911"},{"taxonomy":"product_cat","embeddable":true,"href":"https:\/\/mastercook.md\/ro\/wp-json\/wp\/v2\/product_cat?post=11911"},{"taxonomy":"product_tag","embeddable":true,"href":"https:\/\/mastercook.md\/ro\/wp-json\/wp\/v2\/product_tag?post=11911"}],"curies":[{"name":"wp","href":"https:\/\/api.w.org\/{rel}","templated":true}]}}