{"id":12017,"date":"2026-01-28T14:51:08","date_gmt":"2026-01-28T14:51:08","guid":{"rendered":"https:\/\/mastercook.md\/?post_type=product&#038;p=12017"},"modified":"2026-01-28T14:54:52","modified_gmt":"2026-01-28T14:54:52","slug":"hota-incorporabila-tornado-modul-sensor-120052","status":"publish","type":"product","link":"https:\/\/mastercook.md\/ro\/produs\/hota-incorporabila-tornado-modul-sensor-120052\/","title":{"rendered":"Hot\u0103 \u00eencorporabil\u0103 Tornado MODUL SENSOR 1200(52) LED"},"content":{"rendered":"<h2 data-start=\"0\" data-end=\"56\"><strong data-start=\"0\" data-end=\"56\">Hot\u0103 \u00eencorporabil\u0103 Tornado MODUL SENSOR 1200(52) LED, latime 52 cm<\/strong><\/h2>\n<p data-start=\"58\" data-end=\"322\">Hota \u00eencorporabil\u0103 Tornado MODUL SENSOR 1200(52) LED are l\u0103\u021bimea carcasei de <strong>52\u00a0cm<\/strong> \u0219i este destinat\u0103 instal\u0103rii \u00eentr-un dulap de buc\u0103t\u0103rie cu l\u0103\u021bimea de <strong>60\u00a0cm<\/strong>, fiind complet integrat\u0103 \u00een mobilier \u0219i p\u0103str\u00e2nd un aspect modern \u0219i minimalist al buc\u0103t\u0103riei.<\/p>\n<p data-start=\"324\" data-end=\"605\">Carcasa este realizat\u0103 din tabl\u0103 metalic\u0103 rezistent\u0103 \u0219i acoperit\u0103 cu vopsea polimeric\u0103 durabil\u0103. Fa\u021bada hotei este protejat\u0103 de sticl\u0103 securizat\u0103 <strong data-start=\"470\" data-end=\"500\">de culoare neagr\u0103 sau alb\u0103<\/strong>, care ofer\u0103 un design elegant \u0219i faciliteaz\u0103 cur\u0103\u021barea \u0219i \u00eentre\u021binerea, prevenind acumularea de gr\u0103simi.<\/p>\n<p data-start=\"607\" data-end=\"909\">Modelul este echipat cu o <strong data-start=\"633\" data-end=\"654\">turbin\u0103 puternic\u0103<\/strong>, cu o capacitate de absorb\u021bie de p\u00e2n\u0103 la <strong data-start=\"696\" data-end=\"711\">1200 m\u00b3\/or\u0103<\/strong>, asigur\u00e2nd o purificare eficient\u0103 a aerului chiar \u0219i \u00een buc\u0103t\u0103riile spa\u021bioase. Controlul tuturor func\u021biilor \u0219i al ilumin\u0103rii se realizeaz\u0103 prin <strong data-start=\"856\" data-end=\"875\">senzori tactili<\/strong> sau cu ajutorul <strong data-start=\"892\" data-end=\"908\">telecomenzii<\/strong>.<\/p>\n<p data-start=\"911\" data-end=\"1073\">Pentru un plus de confort \u00een timpul g\u0103titului, hota este dotat\u0103 cu <strong data-start=\"978\" data-end=\"1019\">dou\u0103 l\u0103mpi LED luminoase \u0219i economice<\/strong>, care ilumineaz\u0103 uniform suprafa\u021ba de lucru a plitei.<\/p>\n<p data-start=\"1075\" data-end=\"1139\"><strong data-start=\"1075\" data-end=\"1139\">Principalele avantaje ale Tornado MODUL SENSOR 1200(52) LED:<\/strong><\/p>\n<ul data-start=\"1140\" data-end=\"1376\">\n<li data-start=\"1140\" data-end=\"1202\">\n<p data-start=\"1142\" data-end=\"1202\">integrare complet\u0103 \u00een dulapuri de buc\u0103t\u0103rie de <strong>52\u00a0cm<\/strong>;<\/p>\n<\/li>\n<li data-start=\"1203\" data-end=\"1243\">\n<p data-start=\"1205\" data-end=\"1243\">fa\u021bad\u0103 elegant\u0103 din sticl\u0103 securizat\u0103;<\/p>\n<\/li>\n<li data-start=\"1244\" data-end=\"1293\">\n<p data-start=\"1246\" data-end=\"1293\">capacitate mare de absorb\u021bie \u2014 <strong data-start=\"1277\" data-end=\"1292\">1200 m\u00b3\/or\u0103<\/strong>;<\/p>\n<\/li>\n<li data-start=\"1294\" data-end=\"1317\">\n<p data-start=\"1296\" data-end=\"1317\">control tactil comod;<\/p>\n<\/li>\n<li data-start=\"1318\" data-end=\"1344\">\n<p data-start=\"1320\" data-end=\"1344\">iluminare LED eficient\u0103;<\/p>\n<\/li>\n<li data-start=\"1345\" data-end=\"1376\">\n<p data-start=\"1347\" data-end=\"1376\">construc\u021bie metalic\u0103 fiabil\u0103.<\/p>\n<\/li>\n<\/ul>\n","protected":false},"excerpt":{"rendered":"<p>Hot\u0103 \u00eencorporabil\u0103 Tornado MODUL SENSOR 1200(52) LED, latime 52 cm Hota \u00eencorporabil\u0103 Tornado MODUL SENSOR 1200(52) LED are l\u0103\u021bimea carcasei<\/p>\n","protected":false},"featured_media":12007,"comment_status":"open","ping_status":"closed","template":"","meta":[],"product_brand":[338],"product_cat":[705],"product_tag":[],"class_list":{"0":"post-12017","1":"product","2":"type-product","3":"status-publish","4":"has-post-thumbnail","6":"product_brand-tornado","7":"product_cat-tornado","8":"pa_country-ukraina","10":"first","11":"instock","12":"shipping-taxable","13":"purchasable","14":"product-type-variable"},"_links":{"self":[{"href":"https:\/\/mastercook.md\/ro\/wp-json\/wp\/v2\/product\/12017","targetHints":{"allow":["GET"]}}],"collection":[{"href":"https:\/\/mastercook.md\/ro\/wp-json\/wp\/v2\/product"}],"about":[{"href":"https:\/\/mastercook.md\/ro\/wp-json\/wp\/v2\/types\/product"}],"replies":[{"embeddable":true,"href":"https:\/\/mastercook.md\/ro\/wp-json\/wp\/v2\/comments?post=12017"}],"wp:featuredmedia":[{"embeddable":true,"href":"https:\/\/mastercook.md\/ro\/wp-json\/wp\/v2\/media\/12007"}],"wp:attachment":[{"href":"https:\/\/mastercook.md\/ro\/wp-json\/wp\/v2\/media?parent=12017"}],"wp:term":[{"taxonomy":"product_brand","embeddable":true,"href":"https:\/\/mastercook.md\/ro\/wp-json\/wp\/v2\/product_brand?post=12017"},{"taxonomy":"product_cat","embeddable":true,"href":"https:\/\/mastercook.md\/ro\/wp-json\/wp\/v2\/product_cat?post=12017"},{"taxonomy":"product_tag","embeddable":true,"href":"https:\/\/mastercook.md\/ro\/wp-json\/wp\/v2\/product_tag?post=12017"}],"curies":[{"name":"wp","href":"https:\/\/api.w.org\/{rel}","templated":true}]}}